{"id":62,"date":"2014-03-01T10:14:54","date_gmt":"2014-03-01T09:14:54","guid":{"rendered":"http:\/\/www.isabellegrussenmeyer.net\/wordpress\/?page_id=62"},"modified":"2017-01-08T11:51:59","modified_gmt":"2017-01-08T10:51:59","slug":"bio","status":"publish","type":"page","link":"https:\/\/ancien-site.isabellegrussenmeyer.com\/de\/bio\/","title":{"rendered":"Biografie (grands)"},"content":{"rendered":"<p><i>Eine Stimme, die Els\u00e4ssisch singt,<br \/>\nMusik, die nach Folk und Elektro klingt,<br \/>\nLieder, die von Gitarrensaiten entspringen<br \/>\nund Geschichten, die uns Freude bringen.<\/i><\/p>\n<p><i>Isabelle hei\u00dft Sie willkommen in ihrer Musikwelt!<\/i><\/p>\n<div>\n<h3><span style=\"font-size: large;\">Liedermacherin<\/span><\/h3>\n<\/div>\n<p style=\"text-align: justify;\">Schreiben, komponieren und els\u00e4ssische Lieder singen, das tut Isabelle als Liedermacherin. Els\u00e4ssisch ist ihre Muttersprache. Mit 11 Jahren hat sie schon auf der B\u00fchne gesungen und mit 17 Jahren hat sie ihre ersten Lieder geschrieben.<\/p>\n<div>\n<h3><span style=\"font-size: large;\">Frisch und dynamisch<\/span><\/h3>\n<\/div>\n<p style=\"text-align: justify;\">Mit frischem Schwung bringt Isabelle das Els\u00e4ssische zum Leben mit Noten im Pop-Folk-Rock-Elektro-Stil. Mal energisch, mal z\u00e4rtlich zeigt sie, dass der Dialekt durchaus eine geschmackvolle Sprache ist. Voller Kraft besingt sie die Liebe, den Alltag, die Zeit.<\/p>\n<p style=\"text-align: justify;\">Die Liedermacherin begleitet sich an der Gitarre, und Musiker, die verschiedene Instrumente spielen, wie Kontrabass, Theremin, Klavier, Schlaginstrumente, sind mit von der Partie.<\/p>\n<div>\n<h3><span style=\"font-size: large;\">Produktionen und B\u00fchne<\/span><\/h3>\n<\/div>\n<p style=\"text-align: justify;\">Isabelle schreibt els\u00e4ssische Lieder f\u00fcr gro\u00df und klein. Sie hat schon an paar Kompilationen teilgenommen, unter anderem \u201eLieder fer\u2019s Herz\u201c, \u201eMit\u2019nander\u201c, \u201eGospel Gsang\u201c, \u201eBarabli Hit\u201c,&#8230; und sie hat auch schon zwei Alben produziert : \u201eMorjerot\u201c, mit ihren eigenen Kompositionen und \u201eHin un Her\u201c mit Texten von Emma Muller, die sie vertont hat. Auf dem Album \u201eD\u2019Sunnebluem\u201c singt Isabelle poetische Lieder auf Jazzmelodien von Conrad und Jean-Philippe Winter.<\/p>\n<p style=\"text-align: justify;\">Ihre Lieder hat sie schon auf verschiedenen B\u00fchne im Elsass, in Deutschland, in der Schweiz und in Holland vorgestellt, und besonders bei den Festspielen \u201eSummerlied\u201c, \u201eNovemberlicht\u201c, \u201eClair de nuit\u201c, \u201eWatthalden\u201c.<\/p>\n<div>\n<h3><span style=\"font-size: large;\">Schreibwerkst\u00e4tte und Treffen<\/span><\/h3>\n<\/div>\n<p style=\"text-align: justify;\">2009 hat Isabelle am Mundartsymposium in Bosen (D) teilgenommen. Eine Woche f\u00fcr andere K\u00fcnstler, Liedermacher und Dichter, um sich zu treffen, die verschiedenen Dialekt-Varianten zu vergleichen, um zu schreiben, zu singen und das Saarland zu entdecken.<\/p>\n<p style=\"text-align: justify;\">2012, im Rahmen des Treffens \u201eDes coulisses \u00e0 la sc\u00e8ne\u201c mit der Mannschaft von Voix du Sud (gegr\u00fcndet von Francis Cabrel) und in Partnerschaft mit den Festivals Summerlied und Novemberlicht, hat Isabelle mit anderen deutsch-franz\u00f6sischen K\u00fcnstlern zusammengearbeitet.<\/p>\n<p style=\"text-align: justify;\">Im Sommer 2014 f\u00fchrt sie die Ausbildung mit Voix du Sud und Summerlied fort.<\/p>\n<div>\n<h3><span style=\"font-size: large;\">Projekte mit anderen K\u00fcnstlern<\/span><\/h3>\n<\/div>\n<p style=\"text-align: justify;\">Isabelle teilt gern die B\u00fchne mit anderen K\u00fcnstlern, von hier oder sonst wo. Sie hat schon mit Ren\u00e9 Egles, Roland Engel, Jean-Pierre Albrecht, Conrad Winter, Jean-Pierre Schlaag, Roger Siffer, Jo Nousse, Manfred Pohlmann, G\u00fcnter Hochg\u00fcrtel, Martin Weller, &#8230; zusammengearbeitet.<\/p>\n<p style=\"text-align: justify;\">Mit den Hopla Guys hat sie eine musikalische zweisprachige (els\u00e4ssisch-franz\u00f6sisch) Vorstellung auf die Beine gestellt.<\/p>\n<p style=\"text-align: justify;\">Mit dem Autor Stefan Woltersdorff macht sie musikalische Lesungen rund um die Literatur im Elsass.<\/p>\n<p>F\u00fcr das Festival Summerlied 2014 hat sie ein deutsch-franz\u00f6sisches Projekt aufgebauen mit Martina Gemmar, Liedermacherin aus der Pfalz.<\/p>\n<p style=\"text-align: justify;\"><b><i>\u00a0<\/i><\/b><\/p>\n<p><\/p>","protected":false},"excerpt":{"rendered":"<p>Eine Stimme, die Els\u00e4ssisch singt, Musik, die nach Folk und Elektro klingt, Lieder, die von Gitarrensaiten entspringen und Geschichten, die uns Freude bringen. Isabelle hei\u00dft Sie willkommen in ihrer Musikwelt! Liedermacherin Schreiben, komponieren und els\u00e4ssische Lieder singen, das tut Isabelle als Liedermacherin. Els\u00e4ssisch ist ihre Muttersprache. Mit 11 Jahren hat sie schon auf der B\u00fchne [&hellip;]<\/p>\n","protected":false},"author":1,"featured_media":0,"parent":0,"menu_order":0,"comment_status":"open","ping_status":"open","template":"page-grands.php","meta":[],"_links":{"self":[{"href":"https:\/\/ancien-site.isabellegrussenmeyer.com\/de\/wp-json\/wp\/v2\/pages\/62"}],"collection":[{"href":"https:\/\/ancien-site.isabellegrussenmeyer.com\/de\/wp-json\/wp\/v2\/pages"}],"about":[{"href":"https:\/\/ancien-site.isabellegrussenmeyer.com\/de\/wp-json\/wp\/v2\/types\/page"}],"author":[{"embeddable":true,"href":"https:\/\/ancien-site.isabellegrussenmeyer.com\/de\/wp-json\/wp\/v2\/users\/1"}],"replies":[{"embeddable":true,"href":"https:\/\/ancien-site.isabellegrussenmeyer.com\/de\/wp-json\/wp\/v2\/comments?post=62"}],"version-history":[{"count":6,"href":"https:\/\/ancien-site.isabellegrussenmeyer.com\/de\/wp-json\/wp\/v2\/pages\/62\/revisions"}],"predecessor-version":[{"id":882,"href":"https:\/\/ancien-site.isabellegrussenmeyer.com\/de\/wp-json\/wp\/v2\/pages\/62\/revisions\/882"}],"wp:attachment":[{"href":"https:\/\/ancien-site.isabellegrussenmeyer.com\/de\/wp-json\/wp\/v2\/media?parent=62"}],"curies":[{"name":"wp","href":"https:\/\/api.w.org\/{rel}","templated":true}]}}