{"id":180,"date":"2014-03-03T21:25:26","date_gmt":"2014-03-03T20:25:26","guid":{"rendered":"http:\/\/www.isabellegrussenmeyer.net\/wordpress\/?page_id=180"},"modified":"2019-04-23T20:12:13","modified_gmt":"2019-04-23T19:12:13","slug":"espace-pro-grands","status":"publish","type":"page","link":"https:\/\/ancien-site.isabellegrussenmeyer.com\/el\/espace-pro-grands\/","title":{"rendered":"Espace pro grands"},"content":{"rendered":"<p><span style=\"line-height: 1.5;\">Fer\u2018s gro\u00dfe Publikum, biet \u2018s Isabelle verschiedeni Konzerte \u00e0n :<\/span><\/p>\n<p>-Konzerte m\u00ect \u00echre els\u00e4ssische L\u00eceder, begleit v\u00f9n ihre M\u00fcsiker<br \/>\n&#8211; Spectacles oder Owe \u00ecn P\u00e0rtnersch\u00e0ft m\u00ect \u00e0ndere Artischte.<\/p>\n<div id=\"accordions-1430\" class=\"accordions-1430 accordions\" data-accordions={&quot;lazyLoad&quot;:false,&quot;id&quot;:&quot;1430&quot;,&quot;event&quot;:&quot;click&quot;,&quot;collapsible&quot;:&quot;true&quot;,&quot;heightStyle&quot;:&quot;content&quot;,&quot;animateStyle&quot;:&quot;swing&quot;,&quot;animateDelay&quot;:1000,&quot;navigation&quot;:true,&quot;active&quot;:999,&quot;expandedOther&quot;:&quot;no&quot;}>\r\n                <div class=\"items\" >\r\n    \r\n            <div post_id=\"1430\" itemcount=\"0\"  header_id=\"header-1552351704975\" id=\"header-1552351704975\" style=\"\" class=\"accordions-head head1552351704975 border-semi-round\" toggle-text=\"\" main-text=\"Fiches techniques, dossier presse\">\r\n                                    <span id=\"accordion-icons-1552351704975\" class=\"accordion-icons\">\r\n                        <span class=\"accordion-icon-active accordion-plus\"><i class=\"fa fas fa-chevron-up\"><\/i><\/span>\r\n                        <span class=\"accordion-icon-inactive accordion-minus\"><i class=\"fa fas fa-chevron-down\"><\/i><\/span>\r\n                    <\/span>\r\n                    <span id=\"header-text-1552351704975\" class=\"accordions-head-title\">Fiches techniques, dossier presse<\/span>\r\n                            <\/div>\r\n            <div class=\"accordion-content content1552351704975 \">\r\n                <p><a href=\"https:\/\/ancien-site-isabelle.jlevatic2.fr\/wp-content\/uploads\/2018\/05\/Isa_IchBinDoA5_print.pdf\" target=\"_blank\" rel=\"noopener noreferrer\"><img src=\"https:\/\/ancien-site-isabelle.jlevatic2.fr\/wp-content\/uploads\/2019\/01\/pdf.jpg\" alt=\"pdf\" width=\"36\" height=\"45\" \/>\u00a0 \u00a0Pr\u00e9sentation Isabelle \"en concert\"<\/a><\/p>\n<p><a href=\"https:\/\/ancien-site-isabelle.jlevatic2.fr\/wp-content\/uploads\/2017\/02\/fiche-technique-Isabelle-Ich-bin-do-formation-%C3%A05-2016.pdf\" target=\"_blank\" rel=\"noopener noreferrer\"><img src=\"https:\/\/ancien-site-isabelle.jlevatic2.fr\/wp-content\/uploads\/2019\/01\/pdf.jpg\" alt=\"pdf\" width=\"36\" height=\"45\" \/>\u00a0 \u00a0fiche technique Isabelle \"Ich b\u00ecn do\"<\/a><\/p>\n<p><a href=\"https:\/\/ancien-site-isabelle.jlevatic2.fr\/wp-content\/uploads\/2017\/02\/Isabelle-Grussenmeyer-Photo-by-Paola-Guigou-857x1024.jpg\" target=\"_blank\" rel=\"noopener noreferrer\"><img src=\"https:\/\/ancien-site-isabelle.jlevatic2.fr\/wp-content\/uploads\/2017\/02\/Isabelle-Grussenmeyer-Photo-by-Paola-Guigou-857x1024.jpg\" alt=\"pdf\" width=\"50\" height=\"60\" \/>\u00a0 \u00a0Photo de presse<\/a>\u00a0\/\u00a0<span style=\"font-size: small;\"><em>cr\u00e9dit : Paola Guigou<\/em><\/span><\/p>\n            <\/div>\r\n    <\/div>\r\n\r\n\r\n\r\n            <\/div>\n<div id=\"accordions-1432\" class=\"accordions-1432 accordions\" data-accordions={&quot;lazyLoad&quot;:false,&quot;id&quot;:&quot;1432&quot;,&quot;event&quot;:&quot;click&quot;,&quot;collapsible&quot;:&quot;true&quot;,&quot;heightStyle&quot;:&quot;content&quot;,&quot;animateStyle&quot;:&quot;swing&quot;,&quot;animateDelay&quot;:1000,&quot;navigation&quot;:true,&quot;active&quot;:999,&quot;expandedOther&quot;:&quot;no&quot;}>\r\n                <div class=\"items\" >\r\n    \r\n            <div post_id=\"1432\" itemcount=\"0\"  header_id=\"header-1552351704975\" id=\"header-1552351704975\" style=\"\" class=\"accordions-head head1552351704975 border-semi-round\" toggle-text=\"\" main-text=\"Une Alsace, entre litt\u00e9rature et chansons\">\r\n                                    <span id=\"accordion-icons-1552351704975\" class=\"accordion-icons\">\r\n                        <span class=\"accordion-icon-active accordion-plus\"><i class=\"fa fas fa-chevron-up\"><\/i><\/span>\r\n                        <span class=\"accordion-icon-inactive accordion-minus\"><i class=\"fa fas fa-chevron-down\"><\/i><\/span>\r\n                    <\/span>\r\n                    <span id=\"header-text-1552351704975\" class=\"accordions-head-title\">Une Alsace, entre litt\u00e9rature et chansons<\/span>\r\n                            <\/div>\r\n            <div class=\"accordion-content content1552351704975 \">\r\n                <p><a href=\"https:\/\/ancien-site-isabelle.jlevatic2.fr\/wp-content\/uploads\/2018\/05\/Isa_IchBinDoA5_print.pdf\" target=\"_blank\" rel=\"noopener noreferrer\"><img src=\"https:\/\/ancien-site-isabelle.jlevatic2.fr\/wp-content\/uploads\/2019\/01\/pdf.jpg\" alt=\"pdf\" width=\"36\" height=\"45\" \/>\u00a0 \u00a0<\/a><a href=\"https:\/\/ancien-site-isabelle.jlevatic2.fr\/wp-content\/uploads\/2022\/09\/Isabelle-Grussenmeyer-et-Stefan-Woltersdorff-fran\u00e7ais.pdf\" target=\"_blank\" rel=\"noopener noreferrer\">Flyer Fran\u00e7ais<\/a><\/p>\n<p style=\"text-align: left;\"><span style=\"line-height: 1.5;\"><img src=\"https:\/\/ancien-site-isabelle.jlevatic2.fr\/wp-content\/uploads\/2019\/01\/pdf.jpg\" alt=\"pdf\" width=\"36\" height=\"45\" \/><\/span> <a href=\"https:\/\/ancien-site-isabelle.jlevatic2.fr\/wp-content\/uploads\/2022\/09\/isabelle-Stefan-deutsch.pdf\">Flyer Allemand<\/a><\/p>\n            <\/div>\r\n    <\/div>\r\n\r\n\r\n\r\n            <\/div>\n<div id=\"accordions-1434\" class=\"accordions-1434 accordions\" data-accordions={&quot;lazyLoad&quot;:false,&quot;id&quot;:&quot;1434&quot;,&quot;event&quot;:&quot;click&quot;,&quot;collapsible&quot;:&quot;true&quot;,&quot;heightStyle&quot;:&quot;content&quot;,&quot;animateStyle&quot;:&quot;swing&quot;,&quot;animateDelay&quot;:1000,&quot;navigation&quot;:true,&quot;active&quot;:999,&quot;expandedOther&quot;:&quot;no&quot;}>\r\n                <div class=\"items\" >\r\n    \r\n            <div post_id=\"1434\" itemcount=\"0\"  header_id=\"header-1552351704975\" id=\"header-1552351704975\" style=\"\" class=\"accordions-head head1552351704975 border-semi-round\" toggle-text=\"\" main-text=\"Back in d&#039;Sch\u00f9el\">\r\n                                    <span id=\"accordion-icons-1552351704975\" class=\"accordion-icons\">\r\n                        <span class=\"accordion-icon-active accordion-plus\"><i class=\"fa fas fa-chevron-up\"><\/i><\/span>\r\n                        <span class=\"accordion-icon-inactive accordion-minus\"><i class=\"fa fas fa-chevron-down\"><\/i><\/span>\r\n                    <\/span>\r\n                    <span id=\"header-text-1552351704975\" class=\"accordions-head-title\">Back in d'Sch\u00f9el<\/span>\r\n                            <\/div>\r\n            <div class=\"accordion-content content1552351704975 \">\r\n                <p><a href=\"https:\/\/ancien-site-isabelle.jlevatic2.fr\/wp-content\/uploads\/2014\/05\/Spectacle-Isabelle-Grussenmeyer-et-les-Hopla-Guys.pdf\">Vorstellung Spectacle \"Back in d'Sch\u00f9el\" m\u00ect Isabelle Grussenmeyer \u00f9n de Hopla Guys<br \/>\n<\/a><a href=\"https:\/\/ancien-site-isabelle.jlevatic2.fr\/wp-content\/uploads\/2018\/05\/Isa_IchBinDoA5_print.pdf\" target=\"_blank\" rel=\"noopener noreferrer\"><img src=\"https:\/\/ancien-site-isabelle.jlevatic2.fr\/wp-content\/uploads\/2019\/01\/pdf.jpg\" alt=\"pdf\" width=\"36\" height=\"45\" \/><\/a><\/p>\n            <\/div>\r\n    <\/div>\r\n\r\n\r\n\r\n            <\/div>\n<p><div id=\"accordions-1452\" class=\"accordions-1452 accordions\" data-accordions={&quot;lazyLoad&quot;:false,&quot;id&quot;:&quot;1452&quot;,&quot;event&quot;:&quot;click&quot;,&quot;collapsible&quot;:&quot;true&quot;,&quot;heightStyle&quot;:&quot;content&quot;,&quot;animateStyle&quot;:&quot;swing&quot;,&quot;animateDelay&quot;:1000,&quot;navigation&quot;:true,&quot;active&quot;:999,&quot;expandedOther&quot;:&quot;no&quot;}>\r\n                <div class=\"items\" >\r\n    \r\n            <div post_id=\"1452\" itemcount=\"0\"  header_id=\"header-1556046571185\" id=\"header-1556046571185\" style=\"\" class=\"accordions-head head1556046571185 border-none\" toggle-text=\"\" main-text=\"\u00dcs&#039;m Kernel\">\r\n                                    <span id=\"accordion-icons-1556046571185\" class=\"accordion-icons\">\r\n                        <span class=\"accordion-icon-active accordion-plus\"><i class=\"fa fas fa-chevron-up\"><\/i><\/span>\r\n                        <span class=\"accordion-icon-inactive accordion-minus\"><i class=\"fa fas fa-chevron-down\"><\/i><\/span>\r\n                    <\/span>\r\n                    <span id=\"header-text-1556046571185\" class=\"accordions-head-title\">\u00dcs'm Kernel<\/span>\r\n                            <\/div>\r\n            <div class=\"accordion-content content1556046571185 \">\r\n                <p><a href=\"https:\/\/ancien-site-isabelle.jlevatic2.fr\/wp-content\/uploads\/2019\/04\/UK_flyerA5.pdf\" target=\"_blank\" rel=\"noopener noreferrer\"><img src=\"https:\/\/ancien-site-isabelle.jlevatic2.fr\/wp-content\/uploads\/2019\/01\/pdf.jpg\" alt=\"pdf\" width=\"36\" height=\"45\" \/>\u00a0 \u00a0<\/a><a href=\"https:\/\/ancien-site-isabelle.jlevatic2.fr\/wp-content\/uploads\/2019\/04\/UK_flyerA5.pdf\" target=\"_blank\" rel=\"noopener noreferrer\">Flyer atelier \"\u00dcs'm Kernel\"<\/a><\/p>\n            <\/div>\r\n    <\/div>\r\n\r\n\r\n\r\n            <\/div><\/p>","protected":false},"excerpt":{"rendered":"<p>Fer\u2018s gro\u00dfe Publikum, biet \u2018s Isabelle verschiedeni Konzerte \u00e0n : -Konzerte m\u00ect \u00echre els\u00e4ssische L\u00eceder, begleit v\u00f9n ihre M\u00fcsiker &#8211; Spectacles oder Owe \u00ecn P\u00e0rtnersch\u00e0ft m\u00ect \u00e0ndere Artischte.<\/p>\n","protected":false},"author":1,"featured_media":0,"parent":0,"menu_order":0,"comment_status":"open","ping_status":"open","template":"page-ep-grands.php","meta":[],"_links":{"self":[{"href":"https:\/\/ancien-site.isabellegrussenmeyer.com\/el\/wp-json\/wp\/v2\/pages\/180"}],"collection":[{"href":"https:\/\/ancien-site.isabellegrussenmeyer.com\/el\/wp-json\/wp\/v2\/pages"}],"about":[{"href":"https:\/\/ancien-site.isabellegrussenmeyer.com\/el\/wp-json\/wp\/v2\/types\/page"}],"author":[{"embeddable":true,"href":"https:\/\/ancien-site.isabellegrussenmeyer.com\/el\/wp-json\/wp\/v2\/users\/1"}],"replies":[{"embeddable":true,"href":"https:\/\/ancien-site.isabellegrussenmeyer.com\/el\/wp-json\/wp\/v2\/comments?post=180"}],"version-history":[{"count":45,"href":"https:\/\/ancien-site.isabellegrussenmeyer.com\/el\/wp-json\/wp\/v2\/pages\/180\/revisions"}],"predecessor-version":[{"id":1455,"href":"https:\/\/ancien-site.isabellegrussenmeyer.com\/el\/wp-json\/wp\/v2\/pages\/180\/revisions\/1455"}],"wp:attachment":[{"href":"https:\/\/ancien-site.isabellegrussenmeyer.com\/el\/wp-json\/wp\/v2\/media?parent=180"}],"curies":[{"name":"wp","href":"https:\/\/api.w.org\/{rel}","templated":true}]}}