{"id":71,"date":"2014-03-01T10:22:06","date_gmt":"2014-03-01T09:22:06","guid":{"rendered":"http:\/\/www.isabellegrussenmeyer.net\/wordpress\/?page_id=71"},"modified":"2022-09-10T17:15:33","modified_gmt":"2022-09-10T16:15:33","slug":"actus-2","status":"publish","type":"page","link":"https:\/\/ancien-site.isabellegrussenmeyer.com\/el\/actus-2\/","title":{"rendered":"Actualit\u00e9 petits"},"content":{"rendered":"<p><\/p>\n<p style=\"text-align: center;\"><span style=\"font-size: x-large;\">W\u00ecllk\u00f9mme<\/span><\/p>\n<p style=\"text-align: center;\">Vous \u00eates ici dans la partie &#8220;Fer d&#8217;Kleine&#8221; consacr\u00e9e aux spectacles et chansons pour enfants.\u00a0Visitez aussi le c\u00f4t\u00e9 &#8220;Fer d&#8217;Groosse&#8221; !<\/p>\n<p style=\"text-align: center;\"><span style=\"font-size: 18pt;\">ABC-S\u00f9pp, <\/span><span style=\"font-size: 18pt;\">la soupe aux lettres<br \/>\n<span style=\"font-size: 12pt;\">le nouveau spectacle jeune public !<\/span><br \/>\n<a href=\"https:\/\/ancien-site-isabelle.jlevatic2.fr\/wp-content\/uploads\/2021\/04\/ABC_A5.pdf\"><img decoding=\"async\" loading=\"lazy\" class=\"alignnone wp-image-1533\" src=\"https:\/\/ancien-site-isabelle.jlevatic2.fr\/wp-content\/uploads\/2021\/04\/Affiche-ABC-Supp-2.png\" alt=\"\" width=\"300\" height=\"428\" srcset=\"https:\/\/ancien-site.isabellegrussenmeyer.com\/wp-content\/uploads\/2021\/04\/Affiche-ABC-Supp-2.png 661w, https:\/\/ancien-site.isabellegrussenmeyer.com\/wp-content\/uploads\/2021\/04\/Affiche-ABC-Supp-2-210x300.png 210w\" sizes=\"(max-width: 300px) 100vw, 300px\" \/><\/a><\/span><\/p>\n<p>D\u00e9couvrez l&#8217;histoire de cette sorci\u00e8re qui veut s\u00e9duire un magicien avec une soupe aux lettres !<\/p>\n<p style=\"text-align: center;\"><strong>Prochaines dates de spectacle \u00e0 voir <a href=\"https:\/\/ancien-site-isabelle.jlevatic2.fr\/spectacles\/\">&gt;&gt;ICI&lt;&lt;<\/a><\/strong><\/p>\n<p>________________________________________________________________________<\/p>\n<p>Depuis le premier jour du confinement, Isabelle r\u00e9alise des vid\u00e9os pour vous faire d\u00e9couvrir des mots, des comptines traditionnelles en alsacien.<br \/>\nVoici un coup d\u2019\u0153il sur les coulisses&#8230;<br \/>\n<strong><a href=\"https:\/\/www.youtube.com\/channel\/UCdH0at4Yh8UW3TBYBHubrXw\/videos\">Suivez toutes les vid\u00e9os sur sa cha\u00eene Youtube<\/a> <\/strong>et <strong>abonnez-vous !<\/strong><\/p>\n<p><iframe loading=\"lazy\" width=\"604\" height=\"340\" src=\"https:\/\/www.youtube.com\/embed\/WYIHy_0BMvQ?feature=oembed\" frameborder=\"0\" allow=\"accelerometer; autoplay; clipboard-write; encrypted-media; gyroscope; picture-in-picture\" allowfullscreen title=\"M\u00ecr decke de T\u00ecsch - Nous dressons la table en alsacien\"><\/iframe><\/p>\n<p style=\"text-align: center;\"><strong>Face \u00e0 la situation actuelle,<br \/>\ntous les concerts et spectacles <\/strong><strong>ont \u00e9t\u00e9 annul\u00e9s ou report\u00e9s.<\/strong><\/p>\n<p style=\"text-align: left;\">________________________________________________________________________<\/p>\n<p style=\"text-align: center;\">ISABELLE propose diff\u00e9rents spectacles pour les enfants :<\/p>\n<p style=\"text-align: center;\"><span style=\"font-size: x-large;\">L\u00ecedelf\u00e0ng &#8211;\u00a0 La p\u00eache aux chansons<\/span><b><a href=\"https:\/\/ancien-site-isabelle.jlevatic2.fr\/wp-content\/uploads\/2018\/02\/P\u00eache.jpg\"><img decoding=\"async\" loading=\"lazy\" class=\"aligncenter\" style=\"border: 1px solid black; margin-top: 1px; margin-bottom: 1px;\" src=\"https:\/\/ancien-site-isabelle.jlevatic2.fr\/wp-content\/uploads\/2018\/02\/ISABELLE-Peche-1-721x1024.jpg\" alt=\"Isabelle spectacle enfant\" width=\"284\" height=\"300\" \/><\/a><\/b><a href=\"https:\/\/ancien-site-isabelle.jlevatic2.fr\/wp-content\/uploads\/2018\/05\/Isa_pecheA5_print.pdf\" target=\"_blank\" rel=\"noopener noreferrer\"><strong>&gt;&gt; A d\u00e9couvrir ici &lt;&lt;<\/strong><\/a><\/p>\n<p style=\"text-align: center;\"><span style=\"font-size: x-large;\">Wo \u00ecsch miner Huet\u00a0? O\u00f9 est mon chapeau\u00a0?<\/span><b><a href=\"https:\/\/ancien-site-isabelle.jlevatic2.fr\/wp-content\/uploads\/2018\/02\/Huet.jpg\"><img decoding=\"async\" loading=\"lazy\" src=\"https:\/\/ancien-site-isabelle.jlevatic2.fr\/wp-content\/uploads\/2018\/02\/ISABELLEHuet--1024x721.jpg\" alt=\"Isabelle spectacle enfant\" width=\"284\" height=\"300\" \/><br \/>\n<\/a><a href=\"https:\/\/ancien-site-isabelle.jlevatic2.fr\/wp-content\/uploads\/2018\/05\/Isa_chapeauxA5_print.pdf\" target=\"_blank\" rel=\"noopener noreferrer\"><strong>&gt;&gt; A d\u00e9couvrir ici &lt;&lt;<\/strong><\/a><\/b><\/p>\n<p style=\"text-align: center;\"><span style=\"font-size: x-large;\">\u00a0K\u00ecnder&#8230; &#8216;s \u00ecsch Wihn\u00e0chte ! Les enfants&#8230; c&#8217;est No\u00ebl !<\/span><b><a href=\"https:\/\/ancien-site-isabelle.jlevatic2.fr\/wp-content\/uploads\/2018\/05\/Isa_noelA5_print.pdf\"><img decoding=\"async\" loading=\"lazy\" src=\"https:\/\/ancien-site-isabelle.jlevatic2.fr\/wp-content\/uploads\/2018\/02\/ISABELLE-Noel--1024x721.jpg\" alt=\"Isabelle spectacle enfant\" width=\"284\" height=\"300\" \/><br \/>\n<\/a><a href=\"https:\/\/ancien-site-isabelle.jlevatic2.fr\/wp-content\/uploads\/2018\/05\/Isa_noelA5_print.pdf\" target=\"_blank\" rel=\"noopener noreferrer\"><strong>&gt;&gt; A d\u00e9couvrir ici &lt;&lt;<\/strong><\/a><\/b><\/p>\n<p style=\"text-align: center;\"><span style=\"font-size: x-large;\">\u00a0\u00dcs&#8217;m Kernel<br \/>\n<\/span><span style=\"font-size: x-large;\"><span style=\"font-size: x-large;\">Atelier interg\u00e9n\u00e9rationnel en langue r\u00e9gionale<\/span><\/span><img decoding=\"async\" loading=\"lazy\" class=\"wp-image-1480 aligncenter\" src=\"https:\/\/ancien-site-isabelle.jlevatic2.fr\/wp-content\/uploads\/2020\/04\/Usm-Kernel.jpg\" alt=\"\" width=\"286\" height=\"203\" srcset=\"https:\/\/ancien-site.isabellegrussenmeyer.com\/wp-content\/uploads\/2020\/04\/Usm-Kernel.jpg 1091w, https:\/\/ancien-site.isabellegrussenmeyer.com\/wp-content\/uploads\/2020\/04\/Usm-Kernel-300x213.jpg 300w, https:\/\/ancien-site.isabellegrussenmeyer.com\/wp-content\/uploads\/2020\/04\/Usm-Kernel-768x546.jpg 768w, https:\/\/ancien-site.isabellegrussenmeyer.com\/wp-content\/uploads\/2020\/04\/Usm-Kernel-1024x728.jpg 1024w\" sizes=\"(max-width: 286px) 100vw, 286px\" \/><b><\/b><b><a href=\"https:\/\/ancien-site-isabelle.jlevatic2.fr\/wp-content\/uploads\/2019\/04\/UK_flyerA5.pdf\" target=\"_blank\" rel=\"noopener noreferrer\"><strong>&gt;&gt; A d\u00e9couvrir ici &lt;&lt;<\/strong><\/a><\/b><\/p>\n<div dir=\"ltr\" style=\"text-align: center;\"><span style=\"font-size: x-large;\">Nouvel album &#8220;Kinderwelt&#8221;<br \/>\n<a href=\"https:\/\/ancien-site-isabelle.jlevatic2.fr\/wp-content\/uploads\/2016\/06\/P1_AGP004.jpg\"><img decoding=\"async\" loading=\"lazy\" src=\"https:\/\/ancien-site-isabelle.jlevatic2.fr\/wp-content\/uploads\/2016\/06\/P1_AGP004-300x295.jpg\" alt=\"Livret_AGP004\" width=\"300\" height=\"295\" \/><\/a><\/span><\/div>\n<div dir=\"ltr\" style=\"text-align: center;\">\n<p>D\u00e9couvrez toute la collection, 4 albums, 80 nouvelles chansons pour enfants en alsacien, cr\u00e9\u00e9es et interpr\u00e9t\u00e9es par Isabelle Grussenmeyer et Jean-Pierre Albrecht.<br \/>\nA \u00e9couter<a href=\"https:\/\/ancien-site-isabelle.jlevatic2.fr\/musique-2\/\"><strong> &gt;&gt; ICI &lt;&lt;<\/strong><\/a><br \/>\nDisponible chez les auteurs et chez\u00a0:\u00a0<strong><a href=\"http:\/\/www.liederbrunne.com\/\">www.liederbrunne.com<\/a><\/strong><\/p>\n<\/div>\n<p style=\"text-align: center;\"><span style=\"font-size: x-large; line-height: 1.3;\">Spectacle Les Alsa&#8217;comptines<\/span><a style=\"color: #ea9629; text-decoration: underline; outline: 0px; line-height: 24px;\" href=\"http:\/\/www.isabellegrussenmeyer.net\/wordpress\/wp-content\/uploads\/2014\/03\/Trio-Fin-r\u00e9duit.jpg\"><img decoding=\"async\" class=\" wp-image-211 aligncenter\" style=\"border: 1px solid black;\" src=\"https:\/\/ancien-site-isabelle.jlevatic2.fr\/wp-content\/uploads\/2014\/03\/Trio-Fin-r\u00e9duit-300x283.jpg\" alt=\"Trio Fin r\u00e9duit\" \/><\/a><\/p>\n<div style=\"text-align: center;\">Depuis 2015, le trio Faribulles compos\u00e9 d&#8217;Isabelle, Jean-Pierre Albrecht et G\u00e9rard Dalton, a sillonn\u00e9 l&#8217;Alsace.<\/div>\n<div style=\"text-align: center;\">Ce spectacle bilingue jeune public reste disponible. Pour plus d&#8217;infos, regardez la plaquette de pr\u00e9sentation dans\u00a0<a href=\"https:\/\/ancien-site-isabelle.jlevatic2.fr\/espace-pro\/\"><strong>&gt;&gt; Espace pro &lt;&lt;<\/strong><\/a><\/div>\n<p><\/p>","protected":false},"excerpt":{"rendered":"<p>W\u00ecllk\u00f9mme Vous \u00eates ici dans la partie &#8220;Fer d&#8217;Kleine&#8221; consacr\u00e9e aux spectacles et chansons pour enfants.\u00a0Visitez aussi le c\u00f4t\u00e9 &#8220;Fer d&#8217;Groosse&#8221; ! ABC-S\u00f9pp, la soupe aux lettres le nouveau spectacle jeune public ! D\u00e9couvrez l&#8217;histoire de cette sorci\u00e8re qui veut s\u00e9duire un magicien avec une soupe aux lettres ! Prochaines dates de spectacle \u00e0 voir [&hellip;]<\/p>\n","protected":false},"author":1,"featured_media":0,"parent":0,"menu_order":0,"comment_status":"open","ping_status":"open","template":"","meta":[],"_links":{"self":[{"href":"https:\/\/ancien-site.isabellegrussenmeyer.com\/el\/wp-json\/wp\/v2\/pages\/71"}],"collection":[{"href":"https:\/\/ancien-site.isabellegrussenmeyer.com\/el\/wp-json\/wp\/v2\/pages"}],"about":[{"href":"https:\/\/ancien-site.isabellegrussenmeyer.com\/el\/wp-json\/wp\/v2\/types\/page"}],"author":[{"embeddable":true,"href":"https:\/\/ancien-site.isabellegrussenmeyer.com\/el\/wp-json\/wp\/v2\/users\/1"}],"replies":[{"embeddable":true,"href":"https:\/\/ancien-site.isabellegrussenmeyer.com\/el\/wp-json\/wp\/v2\/comments?post=71"}],"version-history":[{"count":180,"href":"https:\/\/ancien-site.isabellegrussenmeyer.com\/el\/wp-json\/wp\/v2\/pages\/71\/revisions"}],"predecessor-version":[{"id":1572,"href":"https:\/\/ancien-site.isabellegrussenmeyer.com\/el\/wp-json\/wp\/v2\/pages\/71\/revisions\/1572"}],"wp:attachment":[{"href":"https:\/\/ancien-site.isabellegrussenmeyer.com\/el\/wp-json\/wp\/v2\/media?parent=71"}],"curies":[{"name":"wp","href":"https:\/\/api.w.org\/{rel}","templated":true}]}}