{"id":25,"date":"2014-02-27T17:31:31","date_gmt":"2014-02-27T16:31:31","guid":{"rendered":"http:\/\/www.isabellegrussenmeyer.net\/wordpress\/?page_id=25"},"modified":"2021-04-03T10:21:04","modified_gmt":"2021-04-03T09:21:04","slug":"espace-pro","status":"publish","type":"page","link":"https:\/\/ancien-site.isabellegrussenmeyer.com\/en\/espace-pro\/","title":{"rendered":"Espace pro petits"},"content":{"rendered":"<p><\/p>\n<p style=\"text-align: justify;\">Isabelle proposes different shows for the children in collaboration with Jean-Pierre Albrecht and G\u00e9rard Dalton.<\/p>\n<p style=\"text-align: justify;\">Isabelle and Jean-Pierre do also Workshops to teach you to sing and dance their Alsatian children songs.<\/p>\n<div id=\"accordions-1525\" class=\"accordions-1525 accordions\" data-accordions={&quot;lazyLoad&quot;:false,&quot;id&quot;:&quot;1525&quot;,&quot;event&quot;:&quot;click&quot;,&quot;collapsible&quot;:&quot;true&quot;,&quot;heightStyle&quot;:&quot;content&quot;,&quot;animateStyle&quot;:&quot;swing&quot;,&quot;animateDelay&quot;:1000,&quot;navigation&quot;:true,&quot;active&quot;:999,&quot;expandedOther&quot;:&quot;no&quot;}>\r\n                <div class=\"items\" >\r\n    \r\n            <div post_id=\"1525\" itemcount=\"0\"  header_id=\"header-1617441033193\" id=\"header-1617441033193\" style=\"\" class=\"accordions-head head1617441033193 border-none\" toggle-text=\"\" main-text=\"ABC S\u00f9pp - La soupe aux lettres\">\r\n                                    <span id=\"accordion-icons-1617441033193\" class=\"accordion-icons\">\r\n                        <span class=\"accordion-icon-active accordion-plus\"><i class=\"fa fas fa-chevron-up\"><\/i><\/span>\r\n                        <span class=\"accordion-icon-inactive accordion-minus\"><i class=\"fa fas fa-chevron-down\"><\/i><\/span>\r\n                    <\/span>\r\n                    <span id=\"header-text-1617441033193\" class=\"accordions-head-title\">ABC S\u00f9pp - La soupe aux lettres<\/span>\r\n                            <\/div>\r\n            <div class=\"accordion-content content1617441033193 \">\r\n                <p><img class=\"aligncenter\" src=\"https:\/\/ancien-site-isabelle.jlevatic2.fr\/wp-content\/uploads\/2021\/04\/Affiche-ABC-Supp-212x300.png\" \/><\/p>\n<p style=\"text-align: center;\"><a href=\"https:\/\/ancien-site-isabelle.jlevatic2.fr\/wp-content\/uploads\/2021\/04\/ABC_A5.pdf\">Flyer ABC Supp<\/a><a href=\"https:\/\/ancien-site-isabelle.jlevatic2.fr\/wp-content\/uploads\/2021\/04\/ABC_A5.pdf\"><img class=\"aligncenter\" src=\"https:\/\/ancien-site-isabelle.jlevatic2.fr\/wp-content\/uploads\/2014\/02\/pdf.png\" alt=\"pdf\" \/><\/a><\/p>\n            <\/div>\r\n    <\/div>\r\n\r\n\r\n\r\n            <\/div>\n<div id=\"accordions-1391\" class=\"accordions-1391 accordions\" data-accordions={&quot;lazyLoad&quot;:false,&quot;id&quot;:&quot;1391&quot;,&quot;event&quot;:&quot;click&quot;,&quot;collapsible&quot;:&quot;true&quot;,&quot;heightStyle&quot;:&quot;content&quot;,&quot;animateStyle&quot;:&quot;swing&quot;,&quot;animateDelay&quot;:1000,&quot;navigation&quot;:true,&quot;active&quot;:999,&quot;expandedOther&quot;:&quot;no&quot;}>\r\n                <div class=\"items\" >\r\n    \r\n            <div post_id=\"1391\" itemcount=\"0\"  header_id=\"header-1552351704975\" id=\"header-1552351704975\" style=\"\" class=\"accordions-head head1552351704975 border-semi-round\" toggle-text=\"\" main-text=\"Wo \u00ecsch miner Huet\u00a0? O\u00f9 est mon chapeau\u00a0?\">\r\n                                    <span id=\"accordion-icons-1552351704975\" class=\"accordion-icons\">\r\n                        <span class=\"accordion-icon-active accordion-plus\"><i class=\"fa fas fa-chevron-up\"><\/i><\/span>\r\n                        <span class=\"accordion-icon-inactive accordion-minus\"><i class=\"fa fas fa-chevron-down\"><\/i><\/span>\r\n                    <\/span>\r\n                    <span id=\"header-text-1552351704975\" class=\"accordions-head-title\">Wo \u00ecsch miner Huet\u00a0? O\u00f9 est mon chapeau\u00a0?<\/span>\r\n                            <\/div>\r\n            <div class=\"accordion-content content1552351704975 \">\r\n                <p style=\"text-align: center;\"><a href=\"https:\/\/ancien-site-isabelle.jlevatic2.fr\/wp-content\/uploads\/2018\/02\/ISABELLEHuet-.jpg\"><img class=\"alignnone size-medium wp-image-1204\" src=\"https:\/\/ancien-site-isabelle.jlevatic2.fr\/wp-content\/uploads\/2018\/02\/ISABELLEHuet--300x211.jpg\" alt=\"ISABELLEHuet\" width=\"300\" height=\"211\" \/><\/a><\/p>\n<p style=\"text-align: center;\">\u00a0<a href=\"https:\/\/ancien-site-isabelle.jlevatic2.fr\/wp-content\/uploads\/2018\/02\/ISABELLE-Kinder-Huet-Flyer-A5.pdf\" target=\"_blank\" rel=\"noopener\">Flyer spectacle \"Wo \u00ecsch miner Huet ?\"<\/a><a href=\"https:\/\/ancien-site-isabelle.jlevatic2.fr\/wp-content\/uploads\/2018\/02\/ISABELLE-Kinder-Huet-Flyer-A5.pdf\"><br \/>\n<img class=\"aligncenter\" src=\"https:\/\/ancien-site-isabelle.jlevatic2.fr\/wp-content\/uploads\/2014\/02\/pdf.png\" alt=\"pdf\" width=\"50\" height=\"50\" \/><\/a><\/p>\n<p>&nbsp;<\/p>\n            <\/div>\r\n    <\/div>\r\n\r\n\r\n\r\n            <\/div>\n<div id=\"accordions-1393\" class=\"accordions-1393 accordions\" data-accordions={&quot;lazyLoad&quot;:false,&quot;id&quot;:&quot;1393&quot;,&quot;event&quot;:&quot;click&quot;,&quot;collapsible&quot;:&quot;true&quot;,&quot;heightStyle&quot;:&quot;content&quot;,&quot;animateStyle&quot;:&quot;swing&quot;,&quot;animateDelay&quot;:1000,&quot;navigation&quot;:true,&quot;active&quot;:999,&quot;expandedOther&quot;:&quot;no&quot;}>\r\n                <div class=\"items\" >\r\n    \r\n            <div post_id=\"1393\" itemcount=\"0\"  header_id=\"header-1552351704975\" id=\"header-1552351704975\" style=\"\" class=\"accordions-head head1552351704975 border-semi-round\" toggle-text=\"\" main-text=\"L\u00ecedelf\u00e0ng - La p\u00eache aux chansons\">\r\n                                    <span id=\"accordion-icons-1552351704975\" class=\"accordion-icons\">\r\n                        <span class=\"accordion-icon-active accordion-plus\"><i class=\"fa fas fa-chevron-up\"><\/i><\/span>\r\n                        <span class=\"accordion-icon-inactive accordion-minus\"><i class=\"fa fas fa-chevron-down\"><\/i><\/span>\r\n                    <\/span>\r\n                    <span id=\"header-text-1552351704975\" class=\"accordions-head-title\">L\u00ecedelf\u00e0ng - La p\u00eache aux chansons<\/span>\r\n                            <\/div>\r\n            <div class=\"accordion-content content1552351704975 \">\r\n                <p style=\"text-align: center;\"><a href=\"https:\/\/ancien-site-isabelle.jlevatic2.fr\/wp-content\/uploads\/2018\/02\/ISABELLE-Peche-1.jpg\"><img class=\"alignnone size-medium wp-image-1203\" src=\"https:\/\/ancien-site-isabelle.jlevatic2.fr\/wp-content\/uploads\/2018\/02\/ISABELLE-Peche-1-211x300.jpg\" alt=\"ISABELLE Peche-1\" width=\"211\" height=\"300\" \/><\/a><\/p>\n<p style=\"text-align: center;\"><a href=\"https:\/\/ancien-site-isabelle.jlevatic2.fr\/wp-content\/uploads\/2018\/02\/ISABELLE-Liedelfang-Peche-Flyer-A5.pdf\" target=\"_blank\" rel=\"noopener\">Flyer spectacle\u00a0\"L\u00ecedelf\u00e0ng \/ La p\u00eache aux Chansons\"<\/a><a href=\"https:\/\/ancien-site-isabelle.jlevatic2.fr\/wp-content\/uploads\/2018\/02\/ISABELLE-Liedelfang-Peche-Flyer-A5.pdf\"><br \/>\n<img class=\"aligncenter\" src=\"https:\/\/ancien-site-isabelle.jlevatic2.fr\/wp-content\/uploads\/2014\/02\/pdf.png\" alt=\"pdf\" width=\"50\" height=\"50\" \/><\/a><\/p>\n<p>&nbsp;<\/p>\n            <\/div>\r\n    <\/div>\r\n\r\n\r\n\r\n            <\/div>\n<div id=\"accordions-1452\" class=\"accordions-1452 accordions\" data-accordions={&quot;lazyLoad&quot;:false,&quot;id&quot;:&quot;1452&quot;,&quot;event&quot;:&quot;click&quot;,&quot;collapsible&quot;:&quot;true&quot;,&quot;heightStyle&quot;:&quot;content&quot;,&quot;animateStyle&quot;:&quot;swing&quot;,&quot;animateDelay&quot;:1000,&quot;navigation&quot;:true,&quot;active&quot;:999,&quot;expandedOther&quot;:&quot;no&quot;}>\r\n                <div class=\"items\" >\r\n    \r\n            <div post_id=\"1452\" itemcount=\"0\"  header_id=\"header-1556046571185\" id=\"header-1556046571185\" style=\"\" class=\"accordions-head head1556046571185 border-none\" toggle-text=\"\" main-text=\"\u00dcs&#039;m Kernel\">\r\n                                    <span id=\"accordion-icons-1556046571185\" class=\"accordion-icons\">\r\n                        <span class=\"accordion-icon-active accordion-plus\"><i class=\"fa fas fa-chevron-up\"><\/i><\/span>\r\n                        <span class=\"accordion-icon-inactive accordion-minus\"><i class=\"fa fas fa-chevron-down\"><\/i><\/span>\r\n                    <\/span>\r\n                    <span id=\"header-text-1556046571185\" class=\"accordions-head-title\">\u00dcs'm Kernel<\/span>\r\n                            <\/div>\r\n            <div class=\"accordion-content content1556046571185 \">\r\n                <p><a href=\"https:\/\/ancien-site-isabelle.jlevatic2.fr\/wp-content\/uploads\/2019\/04\/UK_flyerA5.pdf\" target=\"_blank\" rel=\"noopener noreferrer\"><img src=\"https:\/\/ancien-site-isabelle.jlevatic2.fr\/wp-content\/uploads\/2019\/01\/pdf.jpg\" alt=\"pdf\" width=\"36\" height=\"45\" \/>\u00a0 \u00a0<\/a><a href=\"https:\/\/ancien-site-isabelle.jlevatic2.fr\/wp-content\/uploads\/2019\/04\/UK_flyerA5.pdf\" target=\"_blank\" rel=\"noopener noreferrer\">Flyer atelier \"\u00dcs'm Kernel\"<\/a><\/p>\n            <\/div>\r\n    <\/div>\r\n\r\n\r\n\r\n            <\/div>\n<div id=\"accordions-1395\" class=\"accordions-1395 accordions\" data-accordions={&quot;lazyLoad&quot;:false,&quot;id&quot;:&quot;1395&quot;,&quot;event&quot;:&quot;click&quot;,&quot;collapsible&quot;:&quot;true&quot;,&quot;heightStyle&quot;:&quot;content&quot;,&quot;animateStyle&quot;:&quot;swing&quot;,&quot;animateDelay&quot;:1000,&quot;navigation&quot;:true,&quot;active&quot;:999,&quot;expandedOther&quot;:&quot;no&quot;}>\r\n                <div class=\"items\" >\r\n    \r\n            <div post_id=\"1395\" itemcount=\"0\"  header_id=\"header-1552351704975\" id=\"header-1552351704975\" style=\"\" class=\"accordions-head head1552351704975 border-semi-round\" toggle-text=\"\" main-text=\"K\u00ecnder, s&#039;\u00ecsch Wihn\u00e0chte ! \/ Les enfants, c&#039;est No\u00ebl !\">\r\n                                    <span id=\"accordion-icons-1552351704975\" class=\"accordion-icons\">\r\n                        <span class=\"accordion-icon-active accordion-plus\"><i class=\"fa fas fa-chevron-up\"><\/i><\/span>\r\n                        <span class=\"accordion-icon-inactive accordion-minus\"><i class=\"fa fas fa-chevron-down\"><\/i><\/span>\r\n                    <\/span>\r\n                    <span id=\"header-text-1552351704975\" class=\"accordions-head-title\">K\u00ecnder, s'\u00ecsch Wihn\u00e0chte ! \/ Les enfants, c'est No\u00ebl !<\/span>\r\n                            <\/div>\r\n            <div class=\"accordion-content content1552351704975 \">\r\n                <p style=\"text-align: center;\"><a href=\"https:\/\/ancien-site-isabelle.jlevatic2.fr\/wp-content\/uploads\/2018\/02\/ISABELLE-Noel-.jpg\"><img class=\"alignnone size-medium wp-image-1202\" src=\"https:\/\/ancien-site-isabelle.jlevatic2.fr\/wp-content\/uploads\/2018\/02\/ISABELLE-Noel--300x211.jpg\" alt=\"ISABELLE Noel\" width=\"300\" height=\"211\" \/><\/a><\/p>\n<p style=\"text-align: center;\"><a href=\"https:\/\/ancien-site-isabelle.jlevatic2.fr\/wp-content\/uploads\/2018\/03\/Isa_noelA5.pdf\" target=\"_blank\" rel=\"noopener\">Flyer spectacle\u00a0\"K\u00ecnder...'s \u00ecsch Win\u00e0chte \/ Les enfants, c'est No\u00ebl !\"<\/a><a href=\"https:\/\/ancien-site-isabelle.jlevatic2.fr\/wp-content\/uploads\/2018\/03\/Isa_noelA5.pdf\"><br \/>\n<img class=\"aligncenter\" src=\"https:\/\/ancien-site-isabelle.jlevatic2.fr\/wp-content\/uploads\/2014\/02\/pdf.png\" alt=\"pdf\" width=\"50\" height=\"50\" \/><\/a><\/p>\n<p>&nbsp;<\/p>\n            <\/div>\r\n    <\/div>\r\n\r\n\r\n\r\n            <\/div>\n<div id=\"accordions-1396\" class=\"accordions-1396 accordions\" data-accordions={&quot;lazyLoad&quot;:false,&quot;id&quot;:&quot;1396&quot;,&quot;event&quot;:&quot;click&quot;,&quot;collapsible&quot;:&quot;true&quot;,&quot;heightStyle&quot;:&quot;content&quot;,&quot;animateStyle&quot;:&quot;swing&quot;,&quot;animateDelay&quot;:1000,&quot;navigation&quot;:true,&quot;active&quot;:999,&quot;expandedOther&quot;:&quot;no&quot;}>\r\n                <div class=\"items\" >\r\n    \r\n            <div post_id=\"1396\" itemcount=\"0\"  header_id=\"header-1552351704975\" id=\"header-1552351704975\" style=\"\" class=\"accordions-head head1552351704975 border-semi-round\" toggle-text=\"\" main-text=\"Les Alsa&#039;comptines\">\r\n                                    <span id=\"accordion-icons-1552351704975\" class=\"accordion-icons\">\r\n                        <span class=\"accordion-icon-active accordion-plus\"><i class=\"fa fas fa-chevron-up\"><\/i><\/span>\r\n                        <span class=\"accordion-icon-inactive accordion-minus\"><i class=\"fa fas fa-chevron-down\"><\/i><\/span>\r\n                    <\/span>\r\n                    <span id=\"header-text-1552351704975\" class=\"accordions-head-title\">Les Alsa'comptines<\/span>\r\n                            <\/div>\r\n            <div class=\"accordion-content content1552351704975 \">\r\n                <p style=\"text-align: center;\">\u00a0<a href=\"https:\/\/ancien-site-isabelle.jlevatic2.fr\/wp-content\/uploads\/2014\/12\/Flyer-Trio-Faribule.pdf\">Plaquette spectacle Les Alsa'comptines\u00a0<\/a><a href=\"https:\/\/ancien-site-isabelle.jlevatic2.fr\/wp-content\/uploads\/2014\/12\/Flyer-Trio-Faribule.pdf\"><br \/>\n<img class=\"size-full wp-image-37 aligncenter\" src=\"https:\/\/ancien-site-isabelle.jlevatic2.fr\/wp-content\/uploads\/2014\/02\/pdf.png\" alt=\"pdf\" width=\"50\" height=\"50\" \/><\/a><\/p>\n<p>&nbsp;<\/p>\n            <\/div>\r\n    <\/div>\r\n\r\n\r\n\r\n            <\/div>\n<p><div id=\"accordions-1397\" class=\"accordions-1397 accordions\" data-accordions={&quot;lazyLoad&quot;:false,&quot;id&quot;:&quot;1397&quot;,&quot;event&quot;:&quot;click&quot;,&quot;collapsible&quot;:&quot;true&quot;,&quot;heightStyle&quot;:&quot;content&quot;,&quot;animateStyle&quot;:&quot;swing&quot;,&quot;animateDelay&quot;:1000,&quot;navigation&quot;:true,&quot;active&quot;:999,&quot;expandedOther&quot;:&quot;no&quot;}>\r\n                <div class=\"items\" >\r\n    \r\n            <div post_id=\"1397\" itemcount=\"0\"  header_id=\"header-1552351704975\" id=\"header-1552351704975\" style=\"\" class=\"accordions-head head1552351704975 border-semi-round\" toggle-text=\"\" main-text=\"Kinderspring\">\r\n                                    <span id=\"accordion-icons-1552351704975\" class=\"accordion-icons\">\r\n                        <span class=\"accordion-icon-active accordion-plus\"><i class=\"fa fas fa-chevron-up\"><\/i><\/span>\r\n                        <span class=\"accordion-icon-inactive accordion-minus\"><i class=\"fa fas fa-chevron-down\"><\/i><\/span>\r\n                    <\/span>\r\n                    <span id=\"header-text-1552351704975\" class=\"accordions-head-title\">Kinderspring<\/span>\r\n                            <\/div>\r\n            <div class=\"accordion-content content1552351704975 \">\r\n                <p style=\"text-align: center;\"><a href=\"https:\/\/ancien-site-isabelle.jlevatic2.fr\/wp-content\/uploads\/2014\/02\/tract-kinderspring-pour-mail1.pdf\">Tract Spectacle Kinderspring\u00a0<\/a><\/p>\n<p style=\"text-align: center;\"><a href=\"https:\/\/ancien-site-isabelle.jlevatic2.fr\/wp-content\/uploads\/2014\/02\/tract-kinderspring-pour-mail1.pdf\"><img src=\"https:\/\/ancien-site-isabelle.jlevatic2.fr\/wp-content\/uploads\/2014\/02\/pdf.png\" alt=\"pdf\" width=\"50\" height=\"50\" \/><\/a><\/p>\n<p style=\"text-align: center;\"><a href=\"https:\/\/ancien-site-isabelle.jlevatic2.fr\/wp-content\/uploads\/2014\/02\/dossier-kinderspring2.pdf\">Dossier Spectacle Kinderspring<\/a><\/p>\n<p><a href=\"https:\/\/ancien-site-isabelle.jlevatic2.fr\/wp-content\/uploads\/2014\/02\/dossier-kinderspring2.pdf\"><img class=\"aligncenter\" src=\"https:\/\/ancien-site-isabelle.jlevatic2.fr\/wp-content\/uploads\/2014\/02\/pdf.png\" alt=\"pdf\" width=\"50\" height=\"50\" \/><\/a><\/p>\n<p>&nbsp;<\/p>\n            <\/div>\r\n    <\/div>\r\n\r\n\r\n\r\n            <\/div><\/p>","protected":false},"excerpt":{"rendered":"<p>Isabelle proposes different shows for the children in collaboration with Jean-Pierre Albrecht and G\u00e9rard Dalton. Isabelle and Jean-Pierre do also Workshops to teach you to sing and dance their Alsatian children songs.<\/p>\n","protected":false},"author":1,"featured_media":0,"parent":0,"menu_order":0,"comment_status":"open","ping_status":"open","template":"page-ep.php","meta":[],"_links":{"self":[{"href":"https:\/\/ancien-site.isabellegrussenmeyer.com\/en\/wp-json\/wp\/v2\/pages\/25"}],"collection":[{"href":"https:\/\/ancien-site.isabellegrussenmeyer.com\/en\/wp-json\/wp\/v2\/pages"}],"about":[{"href":"https:\/\/ancien-site.isabellegrussenmeyer.com\/en\/wp-json\/wp\/v2\/types\/page"}],"author":[{"embeddable":true,"href":"https:\/\/ancien-site.isabellegrussenmeyer.com\/en\/wp-json\/wp\/v2\/users\/1"}],"replies":[{"embeddable":true,"href":"https:\/\/ancien-site.isabellegrussenmeyer.com\/en\/wp-json\/wp\/v2\/comments?post=25"}],"version-history":[{"count":32,"href":"https:\/\/ancien-site.isabellegrussenmeyer.com\/en\/wp-json\/wp\/v2\/pages\/25\/revisions"}],"predecessor-version":[{"id":1529,"href":"https:\/\/ancien-site.isabellegrussenmeyer.com\/en\/wp-json\/wp\/v2\/pages\/25\/revisions\/1529"}],"wp:attachment":[{"href":"https:\/\/ancien-site.isabellegrussenmeyer.com\/en\/wp-json\/wp\/v2\/media?parent=25"}],"curies":[{"name":"wp","href":"https:\/\/api.w.org\/{rel}","templated":true}]}}