{"id":57,"date":"2014-03-01T10:15:52","date_gmt":"2014-03-01T09:15:52","guid":{"rendered":"http:\/\/www.isabellegrussenmeyer.net\/wordpress\/?page_id=57"},"modified":"2022-09-10T17:49:30","modified_gmt":"2022-09-10T16:49:30","slug":"musique-2","status":"publish","type":"page","link":"https:\/\/ancien-site.isabellegrussenmeyer.com\/en\/musique-2\/","title":{"rendered":"Music petits"},"content":{"rendered":"<p>There is the discography for the children. Under each CD you can see the list of the Title and soon listen to extracts.<br \/>\nThe CD are available by the association D\u2019r Liederbrunne<strong><br \/>\n<\/strong>and by the autor.<br \/>\nThe album \u00ab Alsa&#8217;comptines \u00bb can also be download by :<a href=\"http:\/\/www.deezer.com\/\"><strong>www.deezer.com<\/strong><\/a><\/p>\n<p>Voici la discographie des CD pour le jeune public. Vous pouvez d\u00e9couvrir la liste des titres de chaque album et bient\u00f4t \u00e9coutez des extraits.<br \/>\nIls sont disponibles chez l\u2019association D\u2019r Liederbrunne<strong><br \/>\n<\/strong>et chez les auteurs.<br \/>\nL&#8217;album &#8220;Alsa&#8217;comptines&#8221; est \u00e9galement t\u00e9l\u00e9chargeable sur : <a href=\"http:\/\/www.deezer.com\/\"><strong>www.deezer.com<\/strong><\/a><\/p>\n<p style=\"text-align: center;\"><a href=\"https:\/\/ancien-site-isabelle.jlevatic2.fr\/wp-content\/uploads\/2016\/06\/P1_AGP004-1024x1007.jpg\"><img decoding=\"async\" loading=\"lazy\" class=\"aligncenter\" style=\"border: 1px solid white;\" src=\"https:\/\/ancien-site-isabelle.jlevatic2.fr\/wp-content\/uploads\/2016\/06\/P1_AGP004-1024x1007.jpg\" alt=\"Kinderwelt\" width=\"100\" height=\"100\" \/><\/a><strong>Kinderwelt<\/strong><\/p>\n<p style=\"text-align: center;\">20 chansons et comptines en alsacien<\/p>\n<p><div style=\"color:red;font-weight:bold;\">Error occurred when trying to fetch the file using wp_safe_remote_get(). A valid URL was not provided.<\/div>&#8211; E Fuess ver de ander<br \/>\n<div style=\"color:red;font-weight:bold;\">Error occurred when trying to fetch the file using wp_safe_remote_get(). A valid URL was not provided.<\/div>&#8211; Zehj ich mini Sch\u00fcehjle an<br \/>\n<div style=\"color:red;font-weight:bold;\">Error occurred when trying to fetch the file using wp_safe_remote_get(). A valid URL was not provided.<\/div>&#8211; Eins bis zehn<br \/>\n<div style=\"color:red;font-weight:bold;\">Error occurred when trying to fetch the file using wp_safe_remote_get(). A valid URL was not provided.<\/div>&#8211; Balle<br \/>\n<div style=\"color:red;font-weight:bold;\">Error occurred when trying to fetch the file using wp_safe_remote_get(). A valid URL was not provided.<\/div>&#8211; Mini Bubb<br \/>\n<div style=\"color:red;font-weight:bold;\">Error occurred when trying to fetch the file using wp_safe_remote_get(). A valid URL was not provided.<\/div>&#8211; &#8216;s isch e so<br \/>\n<div style=\"color:red;font-weight:bold;\">Error occurred when trying to fetch the file using wp_safe_remote_get(). A valid URL was not provided.<\/div>&#8211; De Fuchs rennt furt<br \/>\n<div style=\"color:red;font-weight:bold;\">Error occurred when trying to fetch the file using wp_safe_remote_get(). A valid URL was not provided.<\/div>&#8211; E wisses Miesel<br \/>\n<div style=\"color:red;font-weight:bold;\">Error occurred when trying to fetch the file using wp_safe_remote_get(). A valid URL was not provided.<\/div>&#8211; Schokola<br \/>\n<div style=\"color:red;font-weight:bold;\">Error occurred when trying to fetch the file using wp_safe_remote_get(). A valid URL was not provided.<\/div>&#8211; Drei kleini Affe<br \/>\n<div style=\"color:red;font-weight:bold;\">Error occurred when trying to fetch the file using wp_safe_remote_get(). A valid URL was not provided.<\/div>&#8211; Ting Ling<br \/>\n<div style=\"color:red;font-weight:bold;\">Error occurred when trying to fetch the file using wp_safe_remote_get(). A valid URL was not provided.<\/div>&#8211; E Durdeldiewel<br \/>\n<div style=\"color:red;font-weight:bold;\">Error occurred when trying to fetch the file using wp_safe_remote_get(). A valid URL was not provided.<\/div>&#8211; Wer will e nettes Schloss<br \/>\n<div style=\"color:red;font-weight:bold;\">Error occurred when trying to fetch the file using wp_safe_remote_get(). A valid URL was not provided.<\/div>&#8211; K\u00f6eni Dagobert<br \/>\n<div style=\"color:red;font-weight:bold;\">Error occurred when trying to fetch the file using wp_safe_remote_get(). A valid URL was not provided.<\/div>&#8211; Maigl\u00f6eckle<br \/>\n<div style=\"color:red;font-weight:bold;\">Error occurred when trying to fetch the file using wp_safe_remote_get(). A valid URL was not provided.<\/div>&#8211; Uf&#8217;m Baschberi<br \/>\n<div style=\"color:red;font-weight:bold;\">Error occurred when trying to fetch the file using wp_safe_remote_get(). A valid URL was not provided.<\/div>&#8211; De Christoph Kolumbus<br \/>\n<div style=\"color:red;font-weight:bold;\">Error occurred when trying to fetch the file using wp_safe_remote_get(). A valid URL was not provided.<\/div>&#8211; Uf&#8217;m Tisch<br \/>\n<div style=\"color:red;font-weight:bold;\">Error occurred when trying to fetch the file using wp_safe_remote_get(). A valid URL was not provided.<\/div>&#8211; D&#8217;Zitt<br \/>\n<div style=\"color:red;font-weight:bold;\">Error occurred when trying to fetch the file using wp_safe_remote_get(). A valid URL was not provided.<\/div>&#8211; E P\u00e4ckele f\u00fcer mich<\/p>\n<p style=\"text-align: center;\"><a href=\"https:\/\/ancien-site-isabelle.jlevatic2.fr\/wp-content\/uploads\/2014\/03\/Kinderzitt.png\"><img decoding=\"async\" loading=\"lazy\" class=\"aligncenter\" style=\"border: 1px solid white;\" src=\"https:\/\/ancien-site-isabelle.jlevatic2.fr\/wp-content\/uploads\/2014\/03\/Kinderzitt.png\" alt=\"Kinderzitt\" width=\"100\" height=\"100\" \/><\/a><\/p>\n<p style=\"text-align: center;\"><strong>Kinderzitt<\/strong><\/p>\n<p style=\"text-align: center;\">20 chansons et comptines en alsacien<\/p>\n<p><div style=\"color:red;font-weight:bold;\">Error occurred when trying to fetch the file using wp_safe_remote_get(). A valid URL was not provided.<\/div>&#8211; Kukuss<br \/>\n<div style=\"color:red;font-weight:bold;\">Error occurred when trying to fetch the file using wp_safe_remote_get(). A valid URL was not provided.<\/div>&#8211; Guete morje<br \/>\n<div style=\"color:red;font-weight:bold;\">Error occurred when trying to fetch the file using wp_safe_remote_get(). A valid URL was not provided.<\/div>&#8211; Mir tanze alli<br \/>\n<div style=\"color:red;font-weight:bold;\">Error occurred when trying to fetch the file using wp_safe_remote_get(). A valid URL was not provided.<\/div>&#8211; Griener Frosch<br \/>\n<div style=\"color:red;font-weight:bold;\">Error occurred when trying to fetch the file using wp_safe_remote_get(). A valid URL was not provided.<\/div>&#8211; De Pappa Fisch un d&#8217;Mamma Fisch<br \/>\n<div style=\"color:red;font-weight:bold;\">Error occurred when trying to fetch the file using wp_safe_remote_get(). A valid URL was not provided.<\/div>&#8211; Drei jungi B\u00e4re<br \/>\n<div style=\"color:red;font-weight:bold;\">Error occurred when trying to fetch the file using wp_safe_remote_get(). A valid URL was not provided.<\/div>&#8211; E br\u00fcn un g\u00e4\u00e2li Spinn<br \/>\n<div style=\"color:red;font-weight:bold;\">Error occurred when trying to fetch the file using wp_safe_remote_get(). A valid URL was not provided.<\/div>&#8211; Oschterhas<br \/>\n<div style=\"color:red;font-weight:bold;\">Error occurred when trying to fetch the file using wp_safe_remote_get(). A valid URL was not provided.<\/div>&#8211; Siewe kleini Weschple<br \/>\n<div style=\"color:red;font-weight:bold;\">Error occurred when trying to fetch the file using wp_safe_remote_get(). A valid URL was not provided.<\/div>&#8211; De Essel vum Freddel<br \/>\n<div style=\"color:red;font-weight:bold;\">Error occurred when trying to fetch the file using wp_safe_remote_get(). A valid URL was not provided.<\/div>&#8211; Nounours<br \/>\n<div style=\"color:red;font-weight:bold;\">Error occurred when trying to fetch the file using wp_safe_remote_get(). A valid URL was not provided.<\/div>&#8211; Traime sch\u00f6en<br \/>\n<div style=\"color:red;font-weight:bold;\">Error occurred when trying to fetch the file using wp_safe_remote_get(). A valid URL was not provided.<\/div>&#8211; Zwei kleini M\u00e4nnle<br \/>\n<div style=\"color:red;font-weight:bold;\">Error occurred when trying to fetch the file using wp_safe_remote_get(). A valid URL was not provided.<\/div>&#8211; Uns&#8217;re Tanz<br \/>\n<div style=\"color:red;font-weight:bold;\">Error occurred when trying to fetch the file using wp_safe_remote_get(). A valid URL was not provided.<\/div>&#8211; Mini \u00dchr<br \/>\n<div style=\"color:red;font-weight:bold;\">Error occurred when trying to fetch the file using wp_safe_remote_get(). A valid URL was not provided.<\/div>&#8211; Es brennt<br \/>\n<div style=\"color:red;font-weight:bold;\">Error occurred when trying to fetch the file using wp_safe_remote_get(). A valid URL was not provided.<\/div>&#8211; Hokus Pokus<br \/>\n<div style=\"color:red;font-weight:bold;\">Error occurred when trying to fetch the file using wp_safe_remote_get(). A valid URL was not provided.<\/div>&#8211; De Sherif<br \/>\n<div style=\"color:red;font-weight:bold;\">Error occurred when trying to fetch the file using wp_safe_remote_get(). A valid URL was not provided.<\/div>&#8211; Hip Hop<br \/>\n<div style=\"color:red;font-weight:bold;\">Error occurred when trying to fetch the file using wp_safe_remote_get(). A valid URL was not provided.<\/div>&#8211; Au r&#8217;voir<\/p>\n<p><a href=\"https:\/\/ancien-site-isabelle.jlevatic2.fr\/wp-content\/uploads\/2014\/03\/Kindergarte.png\"><img decoding=\"async\" loading=\"lazy\" class=\"size-full wp-image-423 aligncenter\" style=\"border: 1px solid white;\" src=\"https:\/\/ancien-site-isabelle.jlevatic2.fr\/wp-content\/uploads\/2014\/03\/Kindergarte.png\" alt=\"Kindergarte\" width=\"100\" height=\"100\" \/><\/a><\/p>\n<p style=\"text-align: center;\"><strong>Kindergarte<\/strong><\/p>\n<p style=\"text-align: center;\">20 chansons et comptines en alsacien<\/p>\n<p><div style=\"color:red;font-weight:bold;\">Error occurred when trying to fetch the file using wp_safe_remote_get(). A valid URL was not provided.<\/div>&#8211; De Bummelzug<br \/>\n<div style=\"color:red;font-weight:bold;\">Error occurred when trying to fetch the file using wp_safe_remote_get(). A valid URL was not provided.<\/div>&#8211; De klein Finger<br \/>\n<div style=\"color:red;font-weight:bold;\">Error occurred when trying to fetch the file using wp_safe_remote_get(). A valid URL was not provided.<\/div>&#8211; De Floh<br \/>\n<div style=\"color:red;font-weight:bold;\">Error occurred when trying to fetch the file using wp_safe_remote_get(). A valid URL was not provided.<\/div>&#8211; Mini Katz<br \/>\n<div style=\"color:red;font-weight:bold;\">Error occurred when trying to fetch the file using wp_safe_remote_get(). A valid URL was not provided.<\/div>&#8211; &#8216;s W\u00fcermel<br \/>\n<div style=\"color:red;font-weight:bold;\">Error occurred when trying to fetch the file using wp_safe_remote_get(). A valid URL was not provided.<\/div>&#8211; De G\u00fcller kr\u00e4hjt<br \/>\n<div style=\"color:red;font-weight:bold;\">Error occurred when trying to fetch the file using wp_safe_remote_get(). A valid URL was not provided.<\/div>&#8211; &#8216;s Endew\u00fcddele<br \/>\n<div style=\"color:red;font-weight:bold;\">Error occurred when trying to fetch the file using wp_safe_remote_get(). A valid URL was not provided.<\/div>&#8211; Vier Glucke t\u00e4pple<br \/>\n<div style=\"color:red;font-weight:bold;\">Error occurred when trying to fetch the file using wp_safe_remote_get(). A valid URL was not provided.<\/div>&#8211; Under&#8217;m Dach<br \/>\n<div style=\"color:red;font-weight:bold;\">Error occurred when trying to fetch the file using wp_safe_remote_get(). A valid URL was not provided.<\/div>&#8211; E kleiner Has<br \/>\n<div style=\"color:red;font-weight:bold;\">Error occurred when trying to fetch the file using wp_safe_remote_get(). A valid URL was not provided.<\/div>&#8211; &#8216;s Apfelkarnel<br \/>\n<div style=\"color:red;font-weight:bold;\">Error occurred when trying to fetch the file using wp_safe_remote_get(). A valid URL was not provided.<\/div>&#8211; E Prinz kummt uf sim Ross<br \/>\n<div style=\"color:red;font-weight:bold;\">Error occurred when trying to fetch the file using wp_safe_remote_get(). A valid URL was not provided.<\/div>&#8211; Hej Matross<br \/>\n<div style=\"color:red;font-weight:bold;\">Error occurred when trying to fetch the file using wp_safe_remote_get(). A valid URL was not provided.<\/div>&#8211; D&#8217; Seeraiwer sin do<br \/>\n<div style=\"color:red;font-weight:bold;\">Error occurred when trying to fetch the file using wp_safe_remote_get(). A valid URL was not provided.<\/div>&#8211; Uf Safari<br \/>\n<div style=\"color:red;font-weight:bold;\">Error occurred when trying to fetch the file using wp_safe_remote_get(). A valid URL was not provided.<\/div>&#8211; Ich bin e altes Krokodil<br \/>\n<div style=\"color:red;font-weight:bold;\">Error occurred when trying to fetch the file using wp_safe_remote_get(). A valid URL was not provided.<\/div>&#8211; Mir sin Indianer<br \/>\n<div style=\"color:red;font-weight:bold;\">Error occurred when trying to fetch the file using wp_safe_remote_get(). A valid URL was not provided.<\/div>&#8211; Am Rand vum Pf\u00e4del<br \/>\n<div style=\"color:red;font-weight:bold;\">Error occurred when trying to fetch the file using wp_safe_remote_get(). A valid URL was not provided.<\/div>&#8211; Alli Glocke litte<br \/>\n<div style=\"color:red;font-weight:bold;\">Error occurred when trying to fetch the file using wp_safe_remote_get(). A valid URL was not provided.<\/div>&#8211; Alles Guete<\/p>\n<p><img decoding=\"async\" loading=\"lazy\" class=\"aligncenter\" style=\"border: 1px solid white;\" src=\"https:\/\/ancien-site-isabelle.jlevatic2.fr\/wp-content\/uploads\/2014\/03\/Kinderspring_p-300x294.jpg\" alt=\"Kinderspring_p\" width=\"100\" height=\"100\" \/><\/p>\n<p style=\"text-align: center;\"><strong>Kinderspring<\/strong><\/p>\n<p style=\"text-align: center;\">20 chansons et comptines en alsacien<\/p>\n<p><div style=\"color:red;font-weight:bold;\">Error occurred when trying to fetch the file using wp_safe_remote_get(). A valid URL was not provided.<\/div>&#8211; De klein D\u00fcmme<br \/>\n<div style=\"color:red;font-weight:bold;\">Error occurred when trying to fetch the file using wp_safe_remote_get(). A valid URL was not provided.<\/div>&#8211; Wer wohnt denn do<br \/>\n<div style=\"color:red;font-weight:bold;\">Error occurred when trying to fetch the file using wp_safe_remote_get(). A valid URL was not provided.<\/div>&#8211; R\u00e4jetr\u00f6epfele<br \/>\n<div style=\"color:red;font-weight:bold;\">Error occurred when trying to fetch the file using wp_safe_remote_get(). A valid URL was not provided.<\/div>&#8211; Ich wach uf<br \/>\n<div style=\"color:red;font-weight:bold;\">Error occurred when trying to fetch the file using wp_safe_remote_get(). A valid URL was not provided.<\/div>&#8211; Eins un zwei<br \/>\n<div style=\"color:red;font-weight:bold;\">Error occurred when trying to fetch the file using wp_safe_remote_get(). A valid URL was not provided.<\/div>&#8211; \u2019s Miesele zejt sich an<br \/>\n<div style=\"color:red;font-weight:bold;\">Error occurred when trying to fetch the file using wp_safe_remote_get(). A valid URL was not provided.<\/div>&#8211; Uf\u2019m B\u00fcrehoft<br \/>\n<div style=\"color:red;font-weight:bold;\">Error occurred when trying to fetch the file using wp_safe_remote_get(). A valid URL was not provided.<\/div>&#8211; Haseminele<br \/>\n<div style=\"color:red;font-weight:bold;\">Error occurred when trying to fetch the file using wp_safe_remote_get(). A valid URL was not provided.<\/div>&#8211; Mir sitze am Tisch<br \/>\n<div style=\"color:red;font-weight:bold;\">Error occurred when trying to fetch the file using wp_safe_remote_get(). A valid URL was not provided.<\/div>&#8211; Ich hab nix genumme<br \/>\n<div style=\"color:red;font-weight:bold;\">Error occurred when trying to fetch the file using wp_safe_remote_get(). A valid URL was not provided.<\/div>&#8211; Monsieur Joseph<br \/>\n<div style=\"color:red;font-weight:bold;\">Error occurred when trying to fetch the file using wp_safe_remote_get(). A valid URL was not provided.<\/div>&#8211; Kleiner Tanz<br \/>\n<div style=\"color:red;font-weight:bold;\">Error occurred when trying to fetch the file using wp_safe_remote_get(). A valid URL was not provided.<\/div>&#8211; Liewi Mamma<br \/>\n<div style=\"color:red;font-weight:bold;\">Error occurred when trying to fetch the file using wp_safe_remote_get(). A valid URL was not provided.<\/div>&#8211; Do r\u00e9 mi fa<br \/>\n<div style=\"color:red;font-weight:bold;\">Error occurred when trying to fetch the file using wp_safe_remote_get(). A valid URL was not provided.<\/div>&#8211; D\u2019Farwe<br \/>\n<div style=\"color:red;font-weight:bold;\">Error occurred when trying to fetch the file using wp_safe_remote_get(). A valid URL was not provided.<\/div>&#8211; E netter Clown<br \/>\n<div style=\"color:red;font-weight:bold;\">Error occurred when trying to fetch the file using wp_safe_remote_get(). A valid URL was not provided.<\/div>&#8211; Armer Wolf<br \/>\n<div style=\"color:red;font-weight:bold;\">Error occurred when trying to fetch the file using wp_safe_remote_get(). A valid URL was not provided.<\/div>&#8211; Es hielt e kalter Wind<br \/>\n<div style=\"color:red;font-weight:bold;\">Error occurred when trying to fetch the file using wp_safe_remote_get(). A valid URL was not provided.<\/div>&#8211; E Tannebaum verziere mir<br \/>\n<div style=\"color:red;font-weight:bold;\">Error occurred when trying to fetch the file using wp_safe_remote_get(). A valid URL was not provided.<\/div>&#8211; Guede-n-Owe<\/p>\n<p><a href=\"https:\/\/ancien-site-isabelle.jlevatic2.fr\/wp-content\/uploads\/2014\/03\/Les-alsacomptines.jpg\"><img decoding=\"async\" loading=\"lazy\" class=\"aligncenter\" style=\"border: 1px solid white;\" src=\"https:\/\/ancien-site-isabelle.jlevatic2.fr\/wp-content\/uploads\/2014\/03\/Les-alsacomptines-295x300.jpg\" alt=\"Les alsa'comptines\" width=\"100\" height=\"100\" \/><\/a><\/p>\n<p style=\"text-align: center;\"><strong>Les Alsa&#8217;comptines<\/strong><\/p>\n<p style=\"text-align: center;\"><strong>Des chansons et comptines chant\u00e9es<\/strong><br \/>\n<strong>en alsacien et en fran\u00e7ais<\/strong><\/p>\n<p style=\"text-align: center;\"><strong>CD1 EN FRANCAIS<\/strong><\/p>\n<p><strong>Toute petite section 2-3 ans :<\/strong><br \/>\n&#8211; Un chat<br \/>\n&#8211; Souris, souris<br \/>\n&#8211; On part en voyage<br \/>\n&#8211; Le lapin de p\u00e2ques<br \/>\n&#8211; Les petites plumes<br \/>\n&#8211; Le petit mille-pattes<br \/>\n&#8211; Toc, toc, toc<br \/>\n&#8211; Petite pomme<br \/>\n&#8211; Chausson tout doux<br \/>\n&#8211; Le crayon bleu marine<br \/>\n&#8211; Mes crayons de couleur<\/p>\n<p><strong>Petite section 3-4 ans :<\/strong><br \/>\n&#8211; Qui donc mange la lune ?<br \/>\n&#8211; Ca d\u00e9pend<br \/>\n&#8211; Dans la ville<br \/>\n&#8211; Non, je ne veux pas<br \/>\n&#8211; Le loup du couloir<br \/>\n&#8211; Le petit acrobate<br \/>\n&#8211; Hiver<br \/>\n&#8211; Le P\u00e8re No\u00ebl est enrhum\u00e9<br \/>\n&#8211; Mon petit coq<br \/>\n&#8211; Mon oiseau \u00e0 moi<br \/>\n&#8211; Y&#8217;a quatre plumes<br \/>\n&#8211; Les petits doigts<\/p>\n<p><strong>Moyenne section 4-5 ans<\/strong><br \/>\n&#8211; Souffle, souffle<br \/>\n&#8211; Bulles de savon<br \/>\n&#8211; La corne cass\u00e9e<br \/>\n&#8211; Un escargot en voyage<br \/>\n&#8211; Les bons beignets<br \/>\n&#8211; Gourmandise<br \/>\n&#8211; La barbe \u00e0 papa<br \/>\n&#8211; La foire aux puces<br \/>\n&#8211; Dans mon sac \u00e0 puces<\/p>\n<p><strong>Grande section 5-6 ans :<\/strong><br \/>\n&#8211; La sorci\u00e8re Grabouilla<br \/>\n&#8211; Le petit bonhomme<br \/>\n&#8211; L&#8217;automate<br \/>\n&#8211; Ma Grand-Maman<br \/>\n&#8211; Atchi, atchoum<br \/>\n&#8211; Les bateaux nuages<br \/>\n&#8211; Le petit indien<br \/>\n&#8211; Le fant\u00f4me<br \/>\n&#8211; J&#8217;ai trouv\u00e9 un truc<br \/>\n&#8211; Le lutin du vent<\/p>\n<p style=\"text-align: center;\"><strong>CD2 EN ALSACIEN<\/strong><\/p>\n<p><strong>Toute petite section 2-3 ans :<\/strong><br \/>\n&#8211; E K\u00e0tz<br \/>\n&#8211; Miesel, Miesel<br \/>\n&#8211; Mir verreise<br \/>\n&#8211; De Oscterh\u00e0s<br \/>\n&#8211; D&#8217;kleine fadra<br \/>\n&#8211; E D\u00f6jsnendfiisler<br \/>\n&#8211; Toc, toc, toc<br \/>\n&#8211; Kleiner Apfel<br \/>\n&#8211; Weichi H\u00fcsschueh<br \/>\n&#8211; De d\u00f9nkelbl\u00f6j Stift<br \/>\n&#8211; Mini F\u00e0rwe<\/p>\n<p><strong>Petite section 3-4 ans<\/strong><br \/>\n&#8211; Wer kn\u00e0bbert \u00f9ns&#8217;re Mond ?<br \/>\n&#8211; &#8216;s k\u00f9mmt g\u00e0nz dr\u00f9f \u00e0n<br \/>\n&#8211; \u00ccn der St\u00e0dt<br \/>\n&#8211; Ich will \u00e0wer n\u00ect<br \/>\n&#8211; Wolf \u00ecm G\u00e0ng<br \/>\n&#8211; De klein \u00c0krob\u00e0t<br \/>\n&#8211; W\u00ecnterzitt<br \/>\n&#8211; Se Wihn\u00e0chtsmann \u00ecsch verk\u00e4lt<br \/>\n&#8211; Miner klein G\u00fcckelhahn<br \/>\n&#8211; D\u00ecs Vejel min<br \/>\n&#8211; &#8216;Sin viar Fadra<br \/>\n&#8211; D&#8217;kleine Finger<\/p>\n<p><strong>Moyenne section 4-5 ans :<\/strong><br \/>\n&#8211; Bloos, Bloos<br \/>\n&#8211; Seifebloos<br \/>\n&#8211; de gebrochene F\u00echler<br \/>\n&#8211; Schneckereis<br \/>\n&#8211; D&#8217;guet K\u00ec\u00ecchle<br \/>\n&#8211; Schleckereje<br \/>\n&#8211; D&#8217;Z\u00f9ckerw\u00e0tt<br \/>\n&#8211; \u00d9f&#8217;em Flohm\u00e4rik<br \/>\n&#8211; \u00ccn de Zauberkischt<\/p>\n<p><strong>Grande section 5-6 ans :<\/strong><br \/>\n&#8211; D&#8217;Hex Grabuja<br \/>\n&#8211; &#8216;s M\u00e4nnele<br \/>\n&#8211; De Autom\u00e0t<br \/>\n&#8211; Dia liawa Gr\u00e0m\u00e0m\u00e0<br \/>\n&#8211; Hatschi, Hatsch\u00f9m<br \/>\n&#8211; D&#8217;Wolikesch`ffle<br \/>\n&#8211; De klein \u00ccndi\u00e0ner<br \/>\n&#8211; &#8216;s Gspengscht<br \/>\n&#8211; &#8216;s Ding<br \/>\n&#8211; D&#8217;r W\u00ecndzwarg<\/p>","protected":false},"excerpt":{"rendered":"<p>There is the discography for the children. Under each CD you can see the list of the Title and soon listen to extracts. The CD are available by the association D\u2019r Liederbrunne and by the autor. The album \u00ab Alsa&#8217;comptines \u00bb can also be download by :www.deezer.com Voici la discographie des CD pour le jeune [&hellip;]<\/p>\n","protected":false},"author":1,"featured_media":0,"parent":0,"menu_order":0,"comment_status":"open","ping_status":"open","template":"","meta":[],"_links":{"self":[{"href":"https:\/\/ancien-site.isabellegrussenmeyer.com\/en\/wp-json\/wp\/v2\/pages\/57"}],"collection":[{"href":"https:\/\/ancien-site.isabellegrussenmeyer.com\/en\/wp-json\/wp\/v2\/pages"}],"about":[{"href":"https:\/\/ancien-site.isabellegrussenmeyer.com\/en\/wp-json\/wp\/v2\/types\/page"}],"author":[{"embeddable":true,"href":"https:\/\/ancien-site.isabellegrussenmeyer.com\/en\/wp-json\/wp\/v2\/users\/1"}],"replies":[{"embeddable":true,"href":"https:\/\/ancien-site.isabellegrussenmeyer.com\/en\/wp-json\/wp\/v2\/comments?post=57"}],"version-history":[{"count":69,"href":"https:\/\/ancien-site.isabellegrussenmeyer.com\/en\/wp-json\/wp\/v2\/pages\/57\/revisions"}],"predecessor-version":[{"id":1574,"href":"https:\/\/ancien-site.isabellegrussenmeyer.com\/en\/wp-json\/wp\/v2\/pages\/57\/revisions\/1574"}],"wp:attachment":[{"href":"https:\/\/ancien-site.isabellegrussenmeyer.com\/en\/wp-json\/wp\/v2\/media?parent=57"}],"curies":[{"name":"wp","href":"https:\/\/api.w.org\/{rel}","templated":true}]}}