{"id":58,"date":"2014-03-01T10:15:51","date_gmt":"2014-03-01T09:15:51","guid":{"rendered":"http:\/\/www.isabellegrussenmeyer.net\/wordpress\/?page_id=58"},"modified":"2021-05-24T09:24:14","modified_gmt":"2021-05-24T08:24:14","slug":"spectacles","status":"publish","type":"page","link":"https:\/\/ancien-site.isabellegrussenmeyer.com\/en\/spectacles\/","title":{"rendered":"Shows"},"content":{"rendered":"<p><\/p>\n<div class=\"accordion\">\n<div class=\"accordion-content\">\n<div>Cliquez sur les titres des spectacles pour voir les prochaines dates.<\/div>\n<div><\/div>\n<div class=\"accordion\">\n<div class=\"accordion-content\"><div id=\"accordions-1539\" class=\"accordions-1539 accordions\" data-accordions={&quot;lazyLoad&quot;:false,&quot;id&quot;:&quot;1539&quot;,&quot;event&quot;:&quot;click&quot;,&quot;collapsible&quot;:&quot;true&quot;,&quot;heightStyle&quot;:&quot;content&quot;,&quot;animateStyle&quot;:&quot;swing&quot;,&quot;animateDelay&quot;:1000,&quot;navigation&quot;:true,&quot;active&quot;:999,&quot;expandedOther&quot;:&quot;no&quot;}>\r\n                <div class=\"items\" >\r\n    \r\n            <div post_id=\"1539\" itemcount=\"0\"  header_id=\"header-1621844335924\" id=\"header-1621844335924\" style=\"\" class=\"accordions-head head1621844335924 border-none\" toggle-text=\"\" main-text=\"ABC Supp - La Soupe aux Lettres\">\r\n                                    <span id=\"accordion-icons-1621844335924\" class=\"accordion-icons\">\r\n                        <span class=\"accordion-icon-active accordion-plus\"><i class=\"fa fas fa-chevron-up\"><\/i><\/span>\r\n                        <span class=\"accordion-icon-inactive accordion-minus\"><i class=\"fa fas fa-chevron-down\"><\/i><\/span>\r\n                    <\/span>\r\n                    <span id=\"header-text-1621844335924\" class=\"accordions-head-title\">ABC Supp - La Soupe aux Lettres<\/span>\r\n                            <\/div>\r\n            <div class=\"accordion-content content1621844335924 \">\r\n                <p><a href=\"https:\/\/ancien-site-isabelle.jlevatic2.fr\/wp-content\/uploads\/2021\/04\/ABC_A5.pdf\"><img class=\"aligncenter\" src=\"https:\/\/ancien-site-isabelle.jlevatic2.fr\/wp-content\/uploads\/2021\/04\/Affiche-ABC-Supp.png\" width=\"238\" height=\"338\" \/><\/a><\/p>\n<p><strong>03\/06\/2023 : <\/strong>Strasbourg, Th\u00e9\u00e2tre de la Choucrouterie<br \/>\n<strong>15\/03\/2023 : <\/strong>Kifri, St-Louis<br \/>\n<strong>19\/10\/2022 : <\/strong>Seltz, par la M\u00e9diath\u00e8que \u00e0 la salle communale, 15h00<br \/>\n<strong>12\/10\/2022 :<\/strong> Waldighoffen, M\u00e9diath\u00e8que, 10h30<br \/>\n<strong>05\/10\/2022 : <\/strong>Sierentz, M\u00e9diath\u00e8que, 15h00<br \/>\n<strong>06\/07\/2022 : <\/strong>Lembach, cr\u00e8che<br \/>\n<strong>05\/07\/2022 : <\/strong>Sessenheim, \u00e9cole<br \/>\n<strong>01\/07\/2022 : <\/strong>Richtolsheim, \u00e9cole<br \/>\n<strong>05\/06\/2022 : <\/strong>Wittelsheim, \u00e9coles<br \/>\n<strong>06\/06\/2022 : <\/strong>Wittelsheim, \u00e9coles<br \/>\n<strong>11\/05\/2022 : <\/strong>St-Louis Agglo, Kifri<br \/>\n<strong>01\/12\/2021 :<\/strong> Strasbourg-Cronembourg, M\u00e9diath\u00e8que, \u00e0 15H00<br \/>\n<strong>25\/09\/2021 : <\/strong>Munster, M\u00e9diath\u00e8que, \u00e0 15H00<br \/>\n<strong>24\/09\/2021 & 28\/09\/2021 :<\/strong>\u00a0Wittelsheim, Ecoles, \u00e0 10H30<br \/>\n<strong>11\/09\/2021 : <\/strong>Mulhouse, Salle des Adjudications, \u00e0 15H00 & 16h30<br \/>\n<strong>08\/06\/2021 & 15\/06\/2021 :<\/strong>\u00a0Ertstein, Ecoles, \u00e0 9H00, 10h00 & 11h00<br \/>\n<strong>12\/05\/2021 : <\/strong>Saint-Louis Agglom\u00e9ration, Tourn\u00e9e Kifri p\u00e9riscolaires<\/p>\n            <\/div>\r\n    <\/div>\r\n\r\n\r\n\r\n            <\/div><\/div>\n<div class=\"accordion-content\"><div id=\"accordions-1375\" class=\"accordions-1375 accordions\" data-accordions={&quot;lazyLoad&quot;:false,&quot;id&quot;:&quot;1375&quot;,&quot;event&quot;:&quot;click&quot;,&quot;collapsible&quot;:&quot;true&quot;,&quot;heightStyle&quot;:&quot;content&quot;,&quot;animateStyle&quot;:&quot;swing&quot;,&quot;animateDelay&quot;:1000,&quot;navigation&quot;:true,&quot;active&quot;:999,&quot;expandedOther&quot;:&quot;no&quot;}>\r\n                <div class=\"items\" >\r\n    \r\n            <div post_id=\"1375\" itemcount=\"0\"  header_id=\"header-1552351704975\" id=\"header-1552351704975\" style=\"\" class=\"accordions-head head1552351704975 border-semi-round\" toggle-text=\"\" main-text=\"L\u00ecedelf\u00e0ng - La p\u00eache aux chansons\">\r\n                                    <span id=\"accordion-icons-1552351704975\" class=\"accordion-icons\">\r\n                        <span class=\"accordion-icon-active accordion-plus\"><i class=\"fa fas fa-chevron-up\"><\/i><\/span>\r\n                        <span class=\"accordion-icon-inactive accordion-minus\"><i class=\"fa fas fa-chevron-down\"><\/i><\/span>\r\n                    <\/span>\r\n                    <span id=\"header-text-1552351704975\" class=\"accordions-head-title\">L\u00ecedelf\u00e0ng - La p\u00eache aux chansons<\/span>\r\n                            <\/div>\r\n            <div class=\"accordion-content content1552351704975 \">\r\n                <p><a href=\"https:\/\/ancien-site-isabelle.jlevatic2.fr\/wp-content\/uploads\/2018\/05\/Isa_pecheA5_print.pdf\"><img class=\"size-medium wp-image-1203 aligncenter\" src=\"https:\/\/ancien-site-isabelle.jlevatic2.fr\/wp-content\/uploads\/2018\/02\/ISABELLE-Peche-1-211x300.jpg\" alt=\"ISABELLE Peche-1\" width=\"211\" height=\"300\" \/><\/a><\/p>\n<p>Spectacle bilingue jeune public<\/p>\n<p><strong>31\/05\/2022 :<\/strong> Wittelsheim \/ Ecoles \u2013 M\u00e9diath\u00e8que \/ OLCA<br \/>\n<strong>05\/02\/2020 :<\/strong> St-Louis, M\u00e9diath\u00e8que, \u00e0 10H00<br \/>\n<strong>20\/05\/2020 :<\/strong> Folgensbourg, Salle Polyvalente, Apr\u00e8s-midi<br \/>\n<strong>13\/03\/2019 :<\/strong> Seltz, M\u00e9diath\u00e8que<br \/>\n<strong>20\/06\/2018 :<\/strong> Vill\u00e9, MJC le Vivarium, F\u00eate du RAM \u00e0 16h45<br \/>\n<strong>04\/07\/2018 :<\/strong> Vill\u00e9, MJC le Vivarium, F\u00eate de la Souris Verte \u00e0 16h00<\/p>\n<p><strong>programmation en cours - bient\u00f4t de nouvelles dates annonc\u00e9es<\/strong><\/p>\n            <\/div>\r\n    <\/div>\r\n\r\n\r\n\r\n            <\/div><\/div>\n<\/div>\n<div class=\"accordion\">\n<div class=\"accordion-content\"><div id=\"accordions-1380\" class=\"accordions-1380 accordions\" data-accordions={&quot;lazyLoad&quot;:false,&quot;id&quot;:&quot;1380&quot;,&quot;event&quot;:&quot;click&quot;,&quot;collapsible&quot;:&quot;true&quot;,&quot;heightStyle&quot;:&quot;content&quot;,&quot;animateStyle&quot;:&quot;swing&quot;,&quot;animateDelay&quot;:1000,&quot;navigation&quot;:true,&quot;active&quot;:999,&quot;expandedOther&quot;:&quot;no&quot;}>\r\n                <div class=\"items\" >\r\n    \r\n            <div post_id=\"1380\" itemcount=\"0\"  header_id=\"header-1552351704975\" id=\"header-1552351704975\" style=\"\" class=\"accordions-head head1552351704975 border-semi-round\" toggle-text=\"\" main-text=\"Wo \u00ecsch miner Huet\u00a0? O\u00f9 est mon chapeau\u00a0?\">\r\n                                    <span id=\"accordion-icons-1552351704975\" class=\"accordion-icons\">\r\n                        <span class=\"accordion-icon-active accordion-plus\"><i class=\"fa fas fa-chevron-up\"><\/i><\/span>\r\n                        <span class=\"accordion-icon-inactive accordion-minus\"><i class=\"fa fas fa-chevron-down\"><\/i><\/span>\r\n                    <\/span>\r\n                    <span id=\"header-text-1552351704975\" class=\"accordions-head-title\">Wo \u00ecsch miner Huet\u00a0? O\u00f9 est mon chapeau\u00a0?<\/span>\r\n                            <\/div>\r\n            <div class=\"accordion-content content1552351704975 \">\r\n                <p><a href=\"https:\/\/ancien-site-isabelle.jlevatic2.fr\/wp-content\/uploads\/2018\/05\/Isa_chapeauxA5_print.pdf\"><img class=\"size-medium wp-image-1204 aligncenter\" src=\"https:\/\/ancien-site-isabelle.jlevatic2.fr\/wp-content\/uploads\/2018\/02\/ISABELLEHuet--300x211.jpg\" alt=\"ISABELLEHuet\" width=\"300\" height=\"211\" \/><\/a><\/p>\n<p>Spectacle bilingue jeune public<\/p>\n<p>05\/05\/2022, Wittelsheim<strong>, Ecoles<\/strong><br \/>\n29\/01\/2020, Munster \u00e0 10h00, <strong><a href=\"https:\/\/www.cc-vallee-munster.fr\/Culture-Sports-Loisirs\/Espace-culturel-Saint-Gregoire.html?html=57\">Espace culturel Saint-Gr\u00e9goire<\/a><\/strong><br \/>\n25\/01\/2020, Oberhausbergen \u00e0 10h30, M\u00e9diath\u00e8que du Pr\u00e9O<br \/>\n24\/05\/2020, Fellbach (D)<br \/>\n21\/10\/2019, Waldighoffen \u00e0 15h00, <a href=\"http:\/\/www.waldighoffen.com\/mediatheque\/prochaines-animations\/21-10-2019-spectacle-jeune-public-ou-est-mon-chapeau-par-isabelle-grussenmeyer\"><strong>M\u00e9diath\u00e8que.<\/strong><\/a><br \/>\n13\/04\/2019, Altkirch<strong>, M\u00e9diath\u00e8que<\/strong><br \/>\n04\/04\/2018, Rosenau<strong>,\u00a0<em>\u00e0 l'Escale<\/em><\/strong><br \/>\n22\/10\/2017, Geispolsheim,\u00a0<strong><em><a href=\"https:\/\/ancien-site-isabelle.jlevatic2.fr\/wp-content\/uploads\/2017\/10\/Adouk%C3%A9-Geispo-724x1024.jpg\" target=\"_blank\" rel=\"noopener\">Espace Malraux<\/a><\/em><\/strong><br \/>\n24\/05\/2017, Kappelen \u00e0 14h30,<em>\u00a0<strong><a href=\"http:\/\/k6.re\/fEcP3\" target=\"_blank\" rel=\"noopener\">Salle communale Bi \u2018s Jobbis<\/a><\/strong><\/em><\/p>\n            <\/div>\r\n    <\/div>\r\n\r\n\r\n\r\n            <\/div><\/div>\n<\/div>\n<div class=\"accordion\">\n<div class=\"accordion-content\"><div id=\"accordions-1382\" class=\"accordions-1382 accordions\" data-accordions={&quot;lazyLoad&quot;:false,&quot;id&quot;:&quot;1382&quot;,&quot;event&quot;:&quot;click&quot;,&quot;collapsible&quot;:&quot;true&quot;,&quot;heightStyle&quot;:&quot;content&quot;,&quot;animateStyle&quot;:&quot;swing&quot;,&quot;animateDelay&quot;:1000,&quot;navigation&quot;:true,&quot;active&quot;:999,&quot;expandedOther&quot;:&quot;no&quot;}>\r\n                <div class=\"items\" >\r\n    \r\n            <div post_id=\"1382\" itemcount=\"0\"  header_id=\"header-1552351704975\" id=\"header-1552351704975\" style=\"\" class=\"accordions-head head1552351704975 border-semi-round\" toggle-text=\"\" main-text=\"K\u00ecnder, s&#039;\u00ecsch Wihn\u00e0chte ! \/ Les enfants, c&#039;est No\u00ebl !\">\r\n                                    <span id=\"accordion-icons-1552351704975\" class=\"accordion-icons\">\r\n                        <span class=\"accordion-icon-active accordion-plus\"><i class=\"fa fas fa-chevron-up\"><\/i><\/span>\r\n                        <span class=\"accordion-icon-inactive accordion-minus\"><i class=\"fa fas fa-chevron-down\"><\/i><\/span>\r\n                    <\/span>\r\n                    <span id=\"header-text-1552351704975\" class=\"accordions-head-title\">K\u00ecnder, s'\u00ecsch Wihn\u00e0chte ! \/ Les enfants, c'est No\u00ebl !<\/span>\r\n                            <\/div>\r\n            <div class=\"accordion-content content1552351704975 \">\r\n                <p>&nbsp;<\/p>\n<p><a href=\"https:\/\/ancien-site-isabelle.jlevatic2.fr\/wp-content\/uploads\/2018\/05\/Isa_noelA5_print.pdf\" target=\"_blank\" rel=\"noopener\"><img class=\"size-medium wp-image-1202 aligncenter\" src=\"https:\/\/ancien-site-isabelle.jlevatic2.fr\/wp-content\/uploads\/2018\/02\/ISABELLE-Noel--300x211.jpg\" alt=\"ISABELLE Noel\" width=\"300\" height=\"211\" \/><\/a><\/p>\n<p>Spectacle trilingue jeune public. <a href=\"https:\/\/www.youtube.com\/watch?v=4taKJixniQo\"><strong>Voir le Teaser<\/strong><\/a><\/p>\n<p><strong>15\/12\/2022 :<\/strong> Fouchy, \u00e9cole<br \/>\n<strong>14\/12\/2022 :<\/strong> Sierentz, M\u00e9diath\u00e8que, 15h<br \/>\n<strong>13\/12\/2022 :<\/strong> Wittelsheim, \u00e9coles<br \/>\n<strong>04\/12\/2022 :<\/strong> Offenburg, sous le chapiteau de BAALino, 14h30 et 16h30<br \/>\n--> <a href=\"https:\/\/theater-baden-alsace.com\/fr\/stuecke\/kinder-s-isch-wihnachte\/?date_time=20221204143000\">Les enfants\u2026 c\u2019est No\u00ebl ! : THEATER EURODISTRICT<\/a><br \/>\n<strong>30\/11\/2022 :<\/strong> La Wantzenau, M\u00e9diath\u00e8que, 15h30<br \/>\n<strong>11\/12\/2021 :<\/strong> Seltz, MLC, 15h30<br \/>\n<strong>04\/12\/2021 :<\/strong> Strasbourg, Mus\u00e9e Alsacien, \u00e0 partir de 14h15<br \/>\n<strong>12\/12\/2020 :<\/strong> Strasbourg, Mus\u00e9e Alsacien, <strong><span style=\"color: #ff0000;\">Report\u00e9<\/span><\/strong><br \/>\n<strong>21\/12\/2020 :<\/strong> Waldighoffen, M\u00e9diath\u00e8que, <strong><span style=\"color: #ff0000;\">Annul\u00e9<\/span><\/strong><br \/>\n<strong>12\/12\/2019 :<\/strong> Drusenheim, P\u00f4le culturel - <a href=\"https:\/\/www.pole-culturel.drusenheim.fr\/Programmation\/Salle-spectacle\/Enfants-est-Noel-!-%7C-Kinder-es-isch-Wihnachte-!-00652.html\"><strong>Plus d'infos ICI<\/strong><\/a><br \/>\n<strong>08\/12\/2019 :<\/strong> Berrwiller, \u00e0 16h<br \/>\n<strong>07\/12\/2019 :<\/strong> Strasbourg, Mus\u00e9e Alsacien, \u00e0 15h<br \/>\n<strong>04\/12\/2019 :<\/strong> Strasbourg, Ancienne Douane, \u00e0 15h<br \/>\n<strong>08\/12\/2018 :<\/strong> Strasbourg, Mus\u00e9e alsacien<br \/>\n<strong>06\/12\/2017 :<\/strong> Strasbourg, Stammdisch Ancienne Douane<\/p>\n            <\/div>\r\n    <\/div>\r\n\r\n\r\n\r\n            <\/div><\/div>\n<\/div>\n<div class=\"accordion\">\n<div class=\"accordion-content\"><div id=\"accordions-1384\" class=\"accordions-1384 accordions\" data-accordions={&quot;lazyLoad&quot;:false,&quot;id&quot;:&quot;1384&quot;,&quot;event&quot;:&quot;click&quot;,&quot;collapsible&quot;:&quot;true&quot;,&quot;heightStyle&quot;:&quot;content&quot;,&quot;animateStyle&quot;:&quot;swing&quot;,&quot;animateDelay&quot;:1000,&quot;navigation&quot;:true,&quot;active&quot;:999,&quot;expandedOther&quot;:&quot;no&quot;}>\r\n                <div class=\"items\" >\r\n    \r\n            <div post_id=\"1384\" itemcount=\"0\"  header_id=\"header-1552351704975\" id=\"header-1552351704975\" style=\"\" class=\"accordions-head head1552351704975 border-semi-round\" toggle-text=\"\" main-text=\"Les Alsa&#039;comptines\">\r\n                                    <span id=\"accordion-icons-1552351704975\" class=\"accordion-icons\">\r\n                        <span class=\"accordion-icon-active accordion-plus\"><i class=\"fa fas fa-chevron-up\"><\/i><\/span>\r\n                        <span class=\"accordion-icon-inactive accordion-minus\"><i class=\"fa fas fa-chevron-down\"><\/i><\/span>\r\n                    <\/span>\r\n                    <span id=\"header-text-1552351704975\" class=\"accordions-head-title\">Les Alsa'comptines<\/span>\r\n                            <\/div>\r\n            <div class=\"accordion-content content1552351704975 \">\r\n                <p>Spectacle franco-alsacien pour enfants autour du r\u00e9pertoire des Alsa'comptines et nos CD Kinderspring, Kindergarte, Kinderzitt, en compagnie de Jean-Pierre Albrecht et G\u00e9rard Dalton.<br \/>\nTourn\u00e9e organis\u00e9e par l'Olca dans les m\u00e9diath\u00e8ques d'Alsace.<\/p>\n<p style=\"text-align: center;\"><img class=\"alignnone size-full wp-image-1386\" src=\"https:\/\/ancien-site-isabelle.jlevatic2.fr\/wp-content\/uploads\/2019\/03\/download.jpeg\" alt=\"\" width=\"231\" height=\"218\" \/><\/p>\n<p><em>Dates pass\u00e9es :<\/em><br \/>\n10\/05\/2017, H\u00e9singue \u00e0 14h,<em><strong>\u00a0<a href=\"https:\/\/www.agglo-saint-louis.fr\/fr\/spectacle-apprendre-lalsacien-famille\/\" target=\"_blank\" rel=\"noopener\">la Com\u00e8te<\/a><\/strong><\/em><br \/>\n5\/10\/2016, Cernay, \u00e0 14h30, <em>m\u00e9diath\u00e8que<\/em><br \/>\n8\/06\/2016, Brumath,\u00a0<em>m\u00e9diath\u00e8que<\/em><br \/>\n22\/05\/2016, Illkirch-Graffenstaden,<em>\u00a0Illiade (www.illiade.com)<\/em><br \/>\n20\/04\/2016, Stosswihr,\u00a0<em>biblioth\u00e8que<\/em><br \/>\n09\/09\/2015,\u00a0Barr, <em>M\u00e9diath\u00e8que<\/em><br \/>\n20\/06\/2015,\u00a0Neuwiller-l\u00e8s-Saverne<br \/>\n03\/06\/2015,\u00a0Ottersthal, <em>Salle communale<\/em><br \/>\n29\/05\/2015,\u00a0Roeschwoog, <em>M\u00e9diath\u00e8que<\/em><br \/>\n23\/05\/2015,\u00a0La Petite Pierre, <em>(Maison du Parc (ch\u00e2teau)<\/em><br \/>\n14\/05\/2015,\u00a0Thannenkirch,\u00a0<em>Biblioth\u00e8que (balade cont\u00e9e)<\/em><br \/>\n18\/03\/2015,\u00a0Rosenau, <em>Biblioth\u00e8que<\/em><\/p>\n            <\/div>\r\n    <\/div>\r\n\r\n\r\n\r\n            <\/div><\/div>\n<\/div>\n<div class=\"accordion\">\n<div class=\"accordion-content\"><div id=\"accordions-1493\" class=\"accordions-1493 accordions\" data-accordions={&quot;lazyLoad&quot;:false,&quot;id&quot;:&quot;1493&quot;,&quot;event&quot;:&quot;click&quot;,&quot;collapsible&quot;:&quot;true&quot;,&quot;heightStyle&quot;:&quot;content&quot;,&quot;animateStyle&quot;:&quot;swing&quot;,&quot;animateDelay&quot;:1000,&quot;navigation&quot;:true,&quot;active&quot;:999,&quot;expandedOther&quot;:&quot;no&quot;}>\r\n                <div class=\"items\" >\r\n    \r\n            <div post_id=\"1493\" itemcount=\"0\"  header_id=\"header-1587913166756\" id=\"header-1587913166756\" style=\"\" class=\"accordions-head head1587913166756 border-none\" toggle-text=\"\" main-text=\"Spectacles sur mesure\">\r\n                                    <span id=\"accordion-icons-1587913166756\" class=\"accordion-icons\">\r\n                        <span class=\"accordion-icon-active accordion-plus\"><i class=\"fa fas fa-chevron-up\"><\/i><\/span>\r\n                        <span class=\"accordion-icon-inactive accordion-minus\"><i class=\"fa fas fa-chevron-down\"><\/i><\/span>\r\n                    <\/span>\r\n                    <span id=\"header-text-1587913166756\" class=\"accordions-head-title\">Spectacles sur mesure<\/span>\r\n                            <\/div>\r\n            <div class=\"accordion-content content1587913166756 \">\r\n                <p>Isabelle r\u00e9pond aussi \u00e0 vos demandes pour cr\u00e9er avec vous des spectacles \"sur mesure\", elle r\u00e9alise r\u00e9guli\u00e8rement des repr\u00e9sentations avec les enfants. Voici diff\u00e9rents projets en cours ou d\u00e9j\u00e0 r\u00e9alis\u00e9s.<\/p>\n<p>Summerlied fer Kinder<\/p>\n<p>https:\/\/summerlied.org\/summerlied-fer-dkinder\/<\/p>\n<p><iframe width=\"604\" height=\"340\" src=\"https:\/\/www.youtube.com\/embed\/zcUWvuegBFY?feature=oembed\" frameborder=\"0\" allow=\"accelerometer; autoplay; clipboard-write; encrypted-media; gyroscope; picture-in-picture; web-share\" allowfullscreen title=\"Summerlied fer d&#39;Kinder \u00e0 S\u00e9lestat\"><\/iframe><\/p>\n<p>&nbsp;<\/p>\n<p>&nbsp;<\/p>\n<p>Semaines d'immersion en alsacien \u00e0 Geudertheim<\/p>\n<p>&nbsp;<\/p>\n<p>https:\/\/www.dna.fr\/culture\/2019\/02\/19\/chants-et-saynetes-en-dialecte?fbclid=IwAR1kr-XiLTG8oQvxS0Ra6SQXAqSW0La577eur2v-w1AFI_ludKV_FH66yDA<\/p>\n<p>&nbsp;<\/p>\n            <\/div>\r\n    <\/div>\r\n\r\n\r\n\r\n            <\/div><\/div>\n<\/div>\n<div class=\"accordion\">\n<div class=\"accordion-content\"><div id=\"accordions-1490\" class=\"accordions-1490 accordions\" data-accordions={&quot;lazyLoad&quot;:false,&quot;id&quot;:&quot;1490&quot;,&quot;event&quot;:&quot;click&quot;,&quot;collapsible&quot;:&quot;true&quot;,&quot;heightStyle&quot;:&quot;content&quot;,&quot;animateStyle&quot;:&quot;swing&quot;,&quot;animateDelay&quot;:1000,&quot;navigation&quot;:true,&quot;active&quot;:999,&quot;expandedOther&quot;:&quot;no&quot;}>\r\n                <div class=\"items\" >\r\n    \r\n            <div post_id=\"1490\" itemcount=\"0\"  header_id=\"header-1587911686316\" id=\"header-1587911686316\" style=\"\" class=\"accordions-head head1587911686316 border-none\" toggle-text=\"\" main-text=\"\u00dcs&#039;m Kernel\">\r\n                                    <span id=\"accordion-icons-1587911686316\" class=\"accordion-icons\">\r\n                        <span class=\"accordion-icon-active accordion-plus\"><i class=\"fa fas fa-chevron-up\"><\/i><\/span>\r\n                        <span class=\"accordion-icon-inactive accordion-minus\"><i class=\"fa fas fa-chevron-down\"><\/i><\/span>\r\n                    <\/span>\r\n                    <span id=\"header-text-1587911686316\" class=\"accordions-head-title\">\u00dcs'm Kernel<\/span>\r\n                            <\/div>\r\n            <div class=\"accordion-content content1587911686316 \">\r\n                <p>28\/10\/2020, Andlau, Ateliers de la Seigneurie<br \/>\n25\/04\/2020, Gottesheim, <strong><span style=\"color: #ff0000;\">Annul\u00e9<br \/>\n<\/span><\/strong>27\/03\/2019, Bergheim<br \/>\n24\/03\/2019, Beblenheim<br \/>\nde f\u00e9vrier \u00e0 juillet 2019, St-Martin<\/p>\n            <\/div>\r\n    <\/div>\r\n\r\n\r\n\r\n            <\/div><\/div>\n<\/div>\n<\/div>\n<\/div>\n<p><\/p>","protected":false},"excerpt":{"rendered":"<p>Cliquez sur les titres des spectacles pour voir les prochaines dates.<\/p>\n","protected":false},"author":1,"featured_media":0,"parent":0,"menu_order":0,"comment_status":"open","ping_status":"open","template":"","meta":[],"_links":{"self":[{"href":"https:\/\/ancien-site.isabellegrussenmeyer.com\/en\/wp-json\/wp\/v2\/pages\/58"}],"collection":[{"href":"https:\/\/ancien-site.isabellegrussenmeyer.com\/en\/wp-json\/wp\/v2\/pages"}],"about":[{"href":"https:\/\/ancien-site.isabellegrussenmeyer.com\/en\/wp-json\/wp\/v2\/types\/page"}],"author":[{"embeddable":true,"href":"https:\/\/ancien-site.isabellegrussenmeyer.com\/en\/wp-json\/wp\/v2\/users\/1"}],"replies":[{"embeddable":true,"href":"https:\/\/ancien-site.isabellegrussenmeyer.com\/en\/wp-json\/wp\/v2\/comments?post=58"}],"version-history":[{"count":133,"href":"https:\/\/ancien-site.isabellegrussenmeyer.com\/en\/wp-json\/wp\/v2\/pages\/58\/revisions"}],"predecessor-version":[{"id":1542,"href":"https:\/\/ancien-site.isabellegrussenmeyer.com\/en\/wp-json\/wp\/v2\/pages\/58\/revisions\/1542"}],"wp:attachment":[{"href":"https:\/\/ancien-site.isabellegrussenmeyer.com\/en\/wp-json\/wp\/v2\/media?parent=58"}],"curies":[{"name":"wp","href":"https:\/\/api.w.org\/{rel}","templated":true}]}}