{"id":59,"date":"2014-03-01T10:15:51","date_gmt":"2014-03-01T09:15:51","guid":{"rendered":"http:\/\/www.isabellegrussenmeyer.net\/wordpress\/?page_id=59"},"modified":"2022-09-10T16:54:00","modified_gmt":"2022-09-10T15:54:00","slug":"actus","status":"publish","type":"page","link":"https:\/\/ancien-site.isabellegrussenmeyer.com\/en\/actus\/","title":{"rendered":"News grands"},"content":{"rendered":"<p><\/p>\n<p style=\"text-align: center;\"><span style=\"font-size: x-large;\">Welcome<\/span><\/p>\n<p>This section is \u201cFer d\u2019Groosse\u201d, with songs and shows for everyone.<br \/>\nHave a look as well at the kid&#8217;s page \u201eFer d\u2019Kleine\u201c<\/p>\n<p><img decoding=\"async\" loading=\"lazy\" class=\"alignnone size-full wp-image-1558\" src=\"https:\/\/ancien-site-isabelle.jlevatic2.fr\/wp-content\/uploads\/2022\/09\/Isabelle-By-PaolaGuigouPhoto7.jpg\" alt=\"\" width=\"5358\" height=\"3572\" srcset=\"https:\/\/ancien-site.isabellegrussenmeyer.com\/wp-content\/uploads\/2022\/09\/Isabelle-By-PaolaGuigouPhoto7.jpg 5358w, https:\/\/ancien-site.isabellegrussenmeyer.com\/wp-content\/uploads\/2022\/09\/Isabelle-By-PaolaGuigouPhoto7-300x200.jpg 300w, https:\/\/ancien-site.isabellegrussenmeyer.com\/wp-content\/uploads\/2022\/09\/Isabelle-By-PaolaGuigouPhoto7-768x512.jpg 768w, https:\/\/ancien-site.isabellegrussenmeyer.com\/wp-content\/uploads\/2022\/09\/Isabelle-By-PaolaGuigouPhoto7-1024x683.jpg 1024w\" sizes=\"(max-width: 5358px) 100vw, 5358px\" \/><\/p>\n<p><strong>Go <strong><a href=\"https:\/\/ancien-site-isabelle.jlevatic2.fr\/en\/concerts\/\">&gt;&gt;HERE&lt;&lt;<\/a>\u00a0for n<\/strong>ext concerts<a href=\"https:\/\/ancien-site-isabelle.jlevatic2.fr\/en\/\"><br \/>\n<\/a><\/strong><\/p>\n<p><strong>\u00a0Here an extract from the concert <a href=\"https:\/\/www.youtube.com\/watch?v=8qQcqM5lqzQ\" target=\"_blank\" rel=\"noopener noreferrer\">\u00ab\u00a0Ich b\u00ecn do\u00a0\u00bb<\/a><\/strong><\/p>\n<p style=\"text-align: center;\"><span style=\"font-size: x-large;\">New album \u00a0&#8220;Ich b\u00ecn do&#8221;<\/span><\/p>\n<p style=\"text-align: center;\"><a href=\"https:\/\/ancien-site-isabelle.jlevatic2.fr\/wp-content\/uploads\/2017\/03\/pochette-ich-bin-do.jpg\" target=\"_blank\" rel=\"noopener noreferrer\"><img decoding=\"async\" loading=\"lazy\" class=\"aligncenter\" style=\"border: 1px solid black;\" src=\"https:\/\/ancien-site-isabelle.jlevatic2.fr\/wp-content\/uploads\/2017\/03\/pochette-ich-bin-do.jpg\" alt=\"D\u00e9dicace - 25\" width=\"300\" height=\"200\" \/><\/a><\/p>\n<p style=\"text-align: center;\"><b>To watch, to read, to listen :<\/b><\/p>\n<div dir=\"ltr\" style=\"text-align: center;\"><strong id=\"yui_3_16_0_ym19_1_1492255342214_51635\">Read a complete article by Albert Weber\u00a0<strong><a href=\"https:\/\/ancien-site-isabelle.jlevatic2.fr\/wp-content\/uploads\/2018\/03\/Article-dossier-Albert-Weber-Concert-Ich-bin-do-Chouc-2017.pdf\" target=\"_blank\" rel=\"noopener noreferrer\">\u00a0&gt;&gt; here &lt;&lt;<\/a><\/strong><\/strong><\/div>\n<p style=\"text-align: center;\"><strong>Enjoy the\u00a0<a href=\"https:\/\/www.youtube.com\/watch?v=991WoKRKF0g\" target=\"_blank\" rel=\"noopener noreferrer\">TEASER &#8220;Ich b\u00ecn do&#8221; \u00e0 d\u00e9couvrir ici<\/a><\/strong><\/p>\n<p>Order this CD from the Liederbrunne\u00a0<a href=\"http:\/\/www.liederbrunne.com\/disque.php?item=161\" target=\"_blank\" rel=\"noopener noreferrer\">www.liederbrunne.com<\/a>\u00a0or directly from Isabelle, It is also available for purchase at all\u00a0<a href=\"https:\/\/ancien-site-isabelle.jlevatic2.fr\/concerts\/\">concerts<\/a>.<br \/>\nYou can listen to excerpts from this and other albums in the\u00a0\u00a0<a href=\"https:\/\/ancien-site-isabelle.jlevatic2.fr\/musique\/\">\u00ab music \u00bb<\/a>\u00a0section.<\/p>","protected":false},"excerpt":{"rendered":"<p>Welcome This section is \u201cFer d\u2019Groosse\u201d, with songs and shows for everyone. Have a look as well at the kid&#8217;s page \u201eFer d\u2019Kleine\u201c Go &gt;&gt;HERE&lt;&lt;\u00a0for next concerts \u00a0Here an extract from the concert \u00ab\u00a0Ich b\u00ecn do\u00a0\u00bb New album \u00a0&#8220;Ich b\u00ecn do&#8221; To watch, to read, to listen : Read a complete article by Albert Weber\u00a0\u00a0&gt;&gt; [&hellip;]<\/p>\n","protected":false},"author":1,"featured_media":0,"parent":0,"menu_order":0,"comment_status":"open","ping_status":"open","template":"page-grands.php","meta":[],"_links":{"self":[{"href":"https:\/\/ancien-site.isabellegrussenmeyer.com\/en\/wp-json\/wp\/v2\/pages\/59"}],"collection":[{"href":"https:\/\/ancien-site.isabellegrussenmeyer.com\/en\/wp-json\/wp\/v2\/pages"}],"about":[{"href":"https:\/\/ancien-site.isabellegrussenmeyer.com\/en\/wp-json\/wp\/v2\/types\/page"}],"author":[{"embeddable":true,"href":"https:\/\/ancien-site.isabellegrussenmeyer.com\/en\/wp-json\/wp\/v2\/users\/1"}],"replies":[{"embeddable":true,"href":"https:\/\/ancien-site.isabellegrussenmeyer.com\/en\/wp-json\/wp\/v2\/comments?post=59"}],"version-history":[{"count":169,"href":"https:\/\/ancien-site.isabellegrussenmeyer.com\/en\/wp-json\/wp\/v2\/pages\/59\/revisions"}],"predecessor-version":[{"id":1564,"href":"https:\/\/ancien-site.isabellegrussenmeyer.com\/en\/wp-json\/wp\/v2\/pages\/59\/revisions\/1564"}],"wp:attachment":[{"href":"https:\/\/ancien-site.isabellegrussenmeyer.com\/en\/wp-json\/wp\/v2\/media?parent=59"}],"curies":[{"name":"wp","href":"https:\/\/api.w.org\/{rel}","templated":true}]}}