{"id":60,"date":"2014-03-01T10:15:51","date_gmt":"2014-03-01T09:15:51","guid":{"rendered":"http:\/\/www.isabellegrussenmeyer.net\/wordpress\/?page_id=60"},"modified":"2020-04-26T10:06:47","modified_gmt":"2020-04-26T09:06:47","slug":"images","status":"publish","type":"page","link":"https:\/\/ancien-site.isabellegrussenmeyer.com\/en\/images\/","title":{"rendered":"Media grands"},"content":{"rendered":"<p>\n\n<div id=\"gslideshow\" class=\"gss-container no-captions\">\n\t<div class=\"cycle-slideshow\" \n\t\tdata-cycle-slides=\"> a\"\n\t\tdata-cycle-paused=\"true\"\n\t\tdata-cycle-prev=\"#gslideshow_prev\"\n\t\tdata-cycle-next=\"#gslideshow_next\"\n\t\tdata-cycle-pager=\"#gslideshow_pager\"\n\t\tdata-cycle-pager-template=\"<a href=#>&nbsp;<\/a>\"\n\t\tdata-cycle-speed=\"750\"\n\t\t>\n\t\t\t<a href=\"https:\/\/ancien-site.isabellegrussenmeyer.com\/en\/p1310482\/\" data-cycle-caption=\"\"><img src=\"https:\/\/ancien-site.isabellegrussenmeyer.com\/wp-content\/uploads\/2019\/01\/P1310482.jpg\" title=\"P1310482\" alt=\"P1310482\" \/><\/a>\n\n\t\t\t<a href=\"https:\/\/ancien-site.isabellegrussenmeyer.com\/en\/lapin-agile\/\" data-cycle-caption=\"\"><img src=\"https:\/\/ancien-site.isabellegrussenmeyer.com\/wp-content\/uploads\/2019\/01\/Lapin-Agile.png\" title=\"Lapin Agile\" alt=\"Lapin Agile\" \/><\/a>\n\n\t\t\t<a href=\"https:\/\/ancien-site.isabellegrussenmeyer.com\/en\/img_5232\/\" data-cycle-caption=\"\"><img src=\"https:\/\/ancien-site.isabellegrussenmeyer.com\/wp-content\/uploads\/2018\/02\/IMG_5232.jpg\" title=\"IMG_5232\" alt=\"IMG_5232\" \/><\/a>\n\n\t\t\t<a href=\"https:\/\/ancien-site.isabellegrussenmeyer.com\/en\/img_5207-2\/\" data-cycle-caption=\"\"><img src=\"https:\/\/ancien-site.isabellegrussenmeyer.com\/wp-content\/uploads\/2018\/02\/IMG_52071.jpg\" title=\"IMG_5207\" alt=\"IMG_5207\" \/><\/a>\n\n\t\t\t<a href=\"https:\/\/ancien-site.isabellegrussenmeyer.com\/en\/img_5315\/\" data-cycle-caption=\"\"><img src=\"https:\/\/ancien-site.isabellegrussenmeyer.com\/wp-content\/uploads\/2018\/02\/IMG_5315.jpg\" title=\"IMG_5315\" alt=\"IMG_5315\" \/><\/a>\n\n\t\t\t<a href=\"https:\/\/ancien-site.isabellegrussenmeyer.com\/en\/img_5387\/\" data-cycle-caption=\"\"><img src=\"https:\/\/ancien-site.isabellegrussenmeyer.com\/wp-content\/uploads\/2018\/02\/IMG_5387.jpg\" title=\"IMG_5387\" alt=\"IMG_5387\" \/><\/a>\n\n\t\t\t<a href=\"https:\/\/ancien-site.isabellegrussenmeyer.com\/en\/img_5452\/\" data-cycle-caption=\"\"><img src=\"https:\/\/ancien-site.isabellegrussenmeyer.com\/wp-content\/uploads\/2018\/02\/IMG_5452.jpg\" title=\"IMG_5452\" alt=\"IMG_5452\" \/><\/a>\n\n\t\t\t<a href=\"https:\/\/ancien-site.isabellegrussenmeyer.com\/en\/img_5509\/\" data-cycle-caption=\"\"><img src=\"https:\/\/ancien-site.isabellegrussenmeyer.com\/wp-content\/uploads\/2018\/02\/IMG_5509.jpg\" title=\"IMG_5509\" alt=\"IMG_5509\" \/><\/a>\n\n\t\t\t<a href=\"https:\/\/ancien-site.isabellegrussenmeyer.com\/en\/_dsc1315_ce_sepia\/\" data-cycle-caption=\"\"><img src=\"https:\/\/ancien-site.isabellegrussenmeyer.com\/wp-content\/uploads\/2017\/02\/DSC1315_ce_sepia.jpg\" title=\"_DSC1315_ce_sepia\" alt=\"_DSC1315_ce_sepia\" \/><\/a>\n\n\t\t\t<a href=\"https:\/\/ancien-site.isabellegrussenmeyer.com\/en\/concert\/\" data-cycle-caption=\"\"><img src=\"https:\/\/ancien-site.isabellegrussenmeyer.com\/wp-content\/uploads\/2017\/02\/DSC1352_des.jpg\" title=\"concert\" alt=\"concert\" \/><\/a>\n\n\t\t\t<a href=\"https:\/\/ancien-site.isabellegrussenmeyer.com\/en\/concert-2\/\" data-cycle-caption=\"\"><img src=\"https:\/\/ancien-site.isabellegrussenmeyer.com\/wp-content\/uploads\/2017\/02\/DSC1444_des.jpg\" title=\"concert\" alt=\"concert\" \/><\/a>\n\n\t\t\t<a href=\"https:\/\/ancien-site.isabellegrussenmeyer.com\/en\/concert-3\/\" data-cycle-caption=\"\"><img src=\"https:\/\/ancien-site.isabellegrussenmeyer.com\/wp-content\/uploads\/2017\/02\/DSC1456.jpg\" title=\"concert\" alt=\"concert\" \/><\/a>\n\n\t\t\t<a href=\"https:\/\/ancien-site.isabellegrussenmeyer.com\/en\/isabelle-grussenmeyer-festival-clair-de-nuit-2011-2\/\" data-cycle-caption=\"\"><img src=\"https:\/\/ancien-site.isabellegrussenmeyer.com\/wp-content\/uploads\/2014\/05\/raphael-dovelos-21.jpg\" title=\"&quot;Isabelle Grussenmeyer&quot; - Festival Clair de Nuit 2011\" alt=\"&quot;Isabelle Grussenmeyer&quot; - Festival Clair de Nuit 2011\" \/><\/a>\n\n\t\t\t<a href=\"https:\/\/ancien-site.isabellegrussenmeyer.com\/en\/isabelle-grussenmeyer-festival-clair-de-nuit-2011\/\" data-cycle-caption=\"\"><img src=\"https:\/\/ancien-site.isabellegrussenmeyer.com\/wp-content\/uploads\/2014\/05\/raphael-dovelos-11.jpg\" title=\"&quot;Isabelle Grussenmeyer&quot; - Festival Clair de Nuit 2011\" alt=\"&quot;Isabelle Grussenmeyer&quot; - Festival Clair de Nuit 2011\" \/><\/a>\n\n\t\t\t<a href=\"https:\/\/ancien-site.isabellegrussenmeyer.com\/en\/pierre-heintzelmann-1\/\" data-cycle-caption=\"\"><img src=\"https:\/\/ancien-site.isabellegrussenmeyer.com\/wp-content\/uploads\/2014\/05\/Pierre-Heintzelmann-1.jpg\" title=\"Pierre Heintzelmann 1\" alt=\"Pierre Heintzelmann 1\" \/><\/a>\n\n\t\t\t<a href=\"https:\/\/ancien-site.isabellegrussenmeyer.com\/en\/helge-keller-2\/\" data-cycle-caption=\"\"><img src=\"https:\/\/ancien-site.isabellegrussenmeyer.com\/wp-content\/uploads\/2014\/05\/Helge-Keller-21.jpg\" title=\"Helge Keller 2\" alt=\"Helge Keller 2\" \/><\/a>\n\n\t\t\t<a href=\"https:\/\/ancien-site.isabellegrussenmeyer.com\/en\/helge-keller-1\/\" data-cycle-caption=\"\"><img src=\"https:\/\/ancien-site.isabellegrussenmeyer.com\/wp-content\/uploads\/2014\/05\/Helge-Keller-11.jpg\" title=\"Helge Keller 1\" alt=\"Helge Keller 1\" \/><\/a>\n\n\t\t\t<a href=\"https:\/\/ancien-site.isabellegrussenmeyer.com\/en\/ettlingen\/\" data-cycle-caption=\"\"><img src=\"https:\/\/ancien-site.isabellegrussenmeyer.com\/wp-content\/uploads\/2014\/05\/Ettlingen1.jpg\" title=\"Ettlingen\" alt=\"Ettlingen\" \/><\/a>\n\n\t\t\t<a href=\"https:\/\/ancien-site.isabellegrussenmeyer.com\/en\/summerlied-ohlungen-2012-0328\/\" data-cycle-caption=\"\"><img src=\"https:\/\/ancien-site.isabellegrussenmeyer.com\/wp-content\/uploads\/2014\/05\/Summerlied-Ohlungen-2012-0328.jpg\" title=\"Summerlied Ohlungen 2012-0328\" alt=\"Summerlied Ohlungen 2012-0328\" \/><\/a>\n\n\t\t\t<a href=\"https:\/\/ancien-site.isabellegrussenmeyer.com\/en\/p1070656-copie\/\" data-cycle-caption=\"\"><img src=\"https:\/\/ancien-site.isabellegrussenmeyer.com\/wp-content\/uploads\/2014\/05\/P1070656-Copie.jpg\" title=\"P1070656 - Copie\" alt=\"P1070656 - Copie\" \/><\/a>\n\n\t\t\t<a href=\"https:\/\/ancien-site.isabellegrussenmeyer.com\/en\/rheinmunster\/\" data-cycle-caption=\"\"><img src=\"https:\/\/ancien-site.isabellegrussenmeyer.com\/wp-content\/uploads\/2014\/05\/Rheinm\u00fcnster.jpg\" title=\"Rheinm\u00fcnster\" alt=\"Rheinm\u00fcnster\" \/><\/a>\n\t<\/div>\n\t<div class=\"gss-info\">\n\t\t<div class=\"gss-nav\"><div id=\"gslideshow_prev\" class=\"gss-prev\">&lt;<\/div><div id=\"gslideshow_play\" class=\"gss-play\">&#9658;<\/div><div id=\"gslideshow_next\" class=\"gss-next\">&gt;<\/div><\/div>\n\t\t\t<div id=\"gslideshow_pager\" class=\"gss-pager\"><\/div>\n\t<\/div>\n<\/div>\n\n<\/p>\n<p style=\"text-align: center;\"><a href=\"https:\/\/www.alsace20.tv\/VOD\/Actu\/lalsaceaparis\/Concert-Isabelle-Grussenmeyer-Maison-Alsace-!-8n6fu67GBZ.html\" target=\"_blank\" rel=\"noopener noreferrer\"><strong>Reportage Maison de l&#8217;Alsace \u00e0 Paris.<\/strong><\/a><\/p>\n<p style=\"text-align: center;\">Extrait concert\u00a0&#8220;Ich b\u00ecn do&#8221;<\/p>\n<p><iframe loading=\"lazy\" width=\"492\" height=\"277\" src=\"https:\/\/www.youtube.com\/embed\/8qQcqM5lqzQ?feature=oembed\" frameborder=\"0\" allow=\"accelerometer; autoplay; encrypted-media; gyroscope; picture-in-picture\" allowfullscreen><\/iframe><\/p>\n<p style=\"text-align: center;\">Sarreguemines.<\/p>\n<p><iframe loading=\"lazy\" width=\"492\" height=\"277\" src=\"https:\/\/www.youtube.com\/embed\/6SnVufEECKE?start=3&#038;feature=oembed\" frameborder=\"0\" allow=\"accelerometer; autoplay; encrypted-media; gyroscope; picture-in-picture\" allowfullscreen><\/iframe><\/p>\n<p style=\"text-align: center;\">Reportage Concert de lancement.<\/p>\n<p><iframe loading=\"lazy\" width=\"492\" height=\"277\" src=\"https:\/\/www.youtube.com\/embed\/TEqJKl2jSIw?start=1&#038;feature=oembed\" frameborder=\"0\" allow=\"accelerometer; autoplay; encrypted-media; gyroscope; picture-in-picture\" allowfullscreen><\/iframe><\/p>\n<p style=\"text-align: center;\">Teaser Sortie d&#8217;album &#8220;Ich b\u00ecn do&#8221;<\/p>\n<p><iframe loading=\"lazy\" width=\"492\" height=\"277\" src=\"https:\/\/www.youtube.com\/embed\/991WoKRKF0g?feature=oembed\" frameborder=\"0\" allow=\"accelerometer; autoplay; encrypted-media; gyroscope; picture-in-picture\" allowfullscreen><\/iframe><\/p>\n<p style=\"text-align: center;\">Quand les hommes vivrons d&#8217;amour &#8211; concert pour ne pas oublier Charlie<\/p>\n<p><iframe loading=\"lazy\" src=\"\/\/www.youtube.com\/embed\/geeePMZ09KI\" width=\"560\" height=\"314\" allowfullscreen=\"allowfullscreen\" data-mce-fragment=\"1\"><\/iframe><\/p>\n<p style=\"text-align: center;\">Ich oder d\u00fc &#8211; concert pour ne pas oublier Charlie<\/p>\n<p><iframe loading=\"lazy\" src=\"\/\/www.youtube.com\/embed\/ABlgtxVgfps\" width=\"560\" height=\"314\" allowfullscreen=\"allowfullscreen\" data-mce-fragment=\"1\"><\/iframe><\/p>\n<p style=\"text-align: center;\">In der Rhein &#8211; concert pour ne pas oublier Charlie<\/p>\n<p><iframe loading=\"lazy\" src=\"\/\/www.youtube.com\/embed\/geeePMZ09KI\" width=\"560\" height=\"314\" allowfullscreen=\"allowfullscreen\" data-mce-fragment=\"1\"><\/iframe><\/p>\n<p style=\"text-align: center;\">Isa \u00f9n de Guys, Back in d&#8217;Schuel.<\/p>\n<p><iframe loading=\"lazy\" width=\"492\" height=\"277\" src=\"https:\/\/www.youtube.com\/embed\/ikWseI5hSFE?feature=oembed\" frameborder=\"0\" allow=\"accelerometer; autoplay; encrypted-media; gyroscope; picture-in-picture\" allowfullscreen><\/iframe><\/p>\n<p style=\"text-align: center;\">Dambach.<\/p>\n<p><iframe loading=\"lazy\" frameborder=\"0\" width=\"492\" height=\"276\" src=\"https:\/\/www.dailymotion.com\/embed\/video\/xkh87r\" allowfullscreen allow=\"autoplay\"><\/iframe><\/p>","protected":false},"excerpt":{"rendered":"<p>Reportage Maison de l&#8217;Alsace \u00e0 Paris. Extrait concert\u00a0&#8220;Ich b\u00ecn do&#8221; Sarreguemines. Reportage Concert de lancement. Teaser Sortie d&#8217;album &#8220;Ich b\u00ecn do&#8221; Quand les hommes vivrons d&#8217;amour &#8211; concert pour ne pas oublier Charlie Ich oder d\u00fc &#8211; concert pour ne pas oublier Charlie In der Rhein &#8211; concert pour ne pas oublier Charlie Isa \u00f9n [&hellip;]<\/p>\n","protected":false},"author":1,"featured_media":0,"parent":0,"menu_order":0,"comment_status":"open","ping_status":"open","template":"page-grands.php","meta":[],"_links":{"self":[{"href":"https:\/\/ancien-site.isabellegrussenmeyer.com\/en\/wp-json\/wp\/v2\/pages\/60"}],"collection":[{"href":"https:\/\/ancien-site.isabellegrussenmeyer.com\/en\/wp-json\/wp\/v2\/pages"}],"about":[{"href":"https:\/\/ancien-site.isabellegrussenmeyer.com\/en\/wp-json\/wp\/v2\/types\/page"}],"author":[{"embeddable":true,"href":"https:\/\/ancien-site.isabellegrussenmeyer.com\/en\/wp-json\/wp\/v2\/users\/1"}],"replies":[{"embeddable":true,"href":"https:\/\/ancien-site.isabellegrussenmeyer.com\/en\/wp-json\/wp\/v2\/comments?post=60"}],"version-history":[{"count":46,"href":"https:\/\/ancien-site.isabellegrussenmeyer.com\/en\/wp-json\/wp\/v2\/pages\/60\/revisions"}],"predecessor-version":[{"id":1472,"href":"https:\/\/ancien-site.isabellegrussenmeyer.com\/en\/wp-json\/wp\/v2\/pages\/60\/revisions\/1472"}],"wp:attachment":[{"href":"https:\/\/ancien-site.isabellegrussenmeyer.com\/en\/wp-json\/wp\/v2\/media?parent=60"}],"curies":[{"name":"wp","href":"https:\/\/api.w.org\/{rel}","templated":true}]}}