{"id":71,"date":"2014-03-01T10:22:06","date_gmt":"2014-03-01T09:22:06","guid":{"rendered":"http:\/\/www.isabellegrussenmeyer.net\/wordpress\/?page_id=71"},"modified":"2022-09-10T17:15:33","modified_gmt":"2022-09-10T16:15:33","slug":"actus-2","status":"publish","type":"page","link":"https:\/\/ancien-site.isabellegrussenmeyer.com\/en\/actus-2\/","title":{"rendered":"News petits"},"content":{"rendered":"<p><\/p>\n<p style=\"text-align: center;\"><span style=\"font-size: x-large;\">Welcome<\/span><br \/>\nThis section is \u201cFer d\u2019Kleine\u201d. It is dedicated to songs and shows for children.<br \/>\nHave a look as well at the section for grown-ups \u201eFer d\u2019Groosse\u201c !<\/p>\n<p style=\"text-align: center;\"><span style=\"font-size: 18pt;\">ABC-S\u00f9pp, <\/span><span style=\"font-size: 18pt;\">la soupe aux lettres<br \/>\n<span style=\"font-size: 12pt;\">le nouveau spectacle jeune public !<\/span><br \/>\n<a href=\"https:\/\/ancien-site-isabelle.jlevatic2.fr\/wp-content\/uploads\/2021\/04\/ABC_A5.pdf\"><img decoding=\"async\" loading=\"lazy\" class=\"alignnone wp-image-1533\" src=\"https:\/\/ancien-site-isabelle.jlevatic2.fr\/wp-content\/uploads\/2021\/04\/Affiche-ABC-Supp-2.png\" alt=\"\" width=\"300\" height=\"428\" srcset=\"https:\/\/ancien-site.isabellegrussenmeyer.com\/wp-content\/uploads\/2021\/04\/Affiche-ABC-Supp-2.png 661w, https:\/\/ancien-site.isabellegrussenmeyer.com\/wp-content\/uploads\/2021\/04\/Affiche-ABC-Supp-2-210x300.png 210w\" sizes=\"(max-width: 300px) 100vw, 300px\" \/><\/a><\/span><\/p>\n<p>D\u00e9couvrez l&#8217;histoire de cette sorci\u00e8re qui veut s\u00e9duire un magicien avec une soupe aux lettres !<\/p>\n<p style=\"text-align: center;\"><strong>Go\u00a0<a href=\"https:\/\/ancien-site-isabelle.jlevatic2.fr\/en\/spectacles\/\">&gt;&gt;HERE&lt;&lt;<\/a>\u00a0for next shows<\/strong><\/p>\n<p>________________________________________________________________________<\/p>\n<p>Au printemps 2020 Isabelle a r\u00e9alis\u00e9 des vid\u00e9os pour vous faire d\u00e9couvrir des mots, des comptines traditionnelles en alsacien.<br \/>\nVoici un coup d\u2019\u0153il sur les coulisses&#8230;<br \/>\n<strong><a href=\"https:\/\/www.youtube.com\/channel\/UCdH0at4Yh8UW3TBYBHubrXw\/videos\">Suivez toutes les vid\u00e9os sur sa cha\u00eene Youtube<\/a> <\/strong>et <strong>abonnez-vous !<\/strong><\/p>\n<p><iframe loading=\"lazy\" width=\"604\" height=\"340\" src=\"https:\/\/www.youtube.com\/embed\/53rPNZrBgoc?feature=oembed\" frameborder=\"0\" allow=\"accelerometer; autoplay; clipboard-write; encrypted-media; gyroscope; picture-in-picture\" allowfullscreen title=\"'s Geb\u00f9rtsdaal\u00eced - La chanson d'anniversaire en alsacien.\"><\/iframe><\/p>\n<p style=\"text-align: left;\">________________________________________________________________________<\/p>\n<p style=\"text-align: center;\">ISABELLE propose diff\u00e9rents spectacles pour les enfants :<\/p>\n<p style=\"text-align: center;\"><span style=\"font-size: x-large;\">K\u00ecnder&#8230; &#8216;s \u00ecsch Wihn\u00e0chte! Les enfants&#8230; c&#8217;est No\u00ebl!<\/span><\/p>\n<p style=\"text-align: center;\"><b><a href=\"https:\/\/ancien-site-isabelle.jlevatic2.fr\/wp-content\/uploads\/2018\/05\/Isa_noelA5_print.pdf\"><img decoding=\"async\" loading=\"lazy\" src=\"https:\/\/ancien-site-isabelle.jlevatic2.fr\/wp-content\/uploads\/2018\/02\/ISABELLE-Noel--1024x721.jpg\" alt=\"Isabelle spectacle enfant\" width=\"284\" height=\"300\" \/><br \/>\n<\/a><a href=\"https:\/\/ancien-site-isabelle.jlevatic2.fr\/wp-content\/uploads\/2018\/05\/Isa_noelA5_print.pdf\" target=\"_blank\" rel=\"noopener noreferrer\"><strong>&gt;&gt; A d\u00e9couvrir ici &lt;&lt;<\/strong><\/a><\/b><\/p>\n<p style=\"text-align: center;\"><span style=\"font-size: x-large;\">Wo \u00ecsch miner Huet\u00a0? O\u00f9 est mon chapeau\u00a0?<\/span> <b><a href=\"https:\/\/ancien-site-isabelle.jlevatic2.fr\/wp-content\/uploads\/2018\/02\/Huet.jpg\"><img decoding=\"async\" loading=\"lazy\" class=\"aligncenter\" style=\"border: 1px solid black; margin-top: 1px; margin-bottom: 1px;\" src=\"https:\/\/ancien-site-isabelle.jlevatic2.fr\/wp-content\/uploads\/2018\/02\/ISABELLEHuet--1024x721.jpg\" alt=\"Isabelle spectacle enfant\" width=\"284\" height=\"300\" \/><\/a><\/b><a href=\"https:\/\/ancien-site-isabelle.jlevatic2.fr\/wp-content\/uploads\/2018\/05\/Isa_chapeauxA5_print.pdf\" target=\"_blank\" rel=\"noopener noreferrer\"><strong>&gt;&gt;\u00a0Click here to find out &lt;&lt;<\/strong><\/a><\/p>\n<p style=\"text-align: center;\"><span style=\"font-size: x-large;\">L\u00ecedelf\u00e0ng &#8211;\u00a0 La p\u00eache aux chansons<\/span> <b><a href=\"https:\/\/ancien-site-isabelle.jlevatic2.fr\/wp-content\/uploads\/2018\/02\/P\u00eache.jpg\"><img decoding=\"async\" loading=\"lazy\" class=\"aligncenter\" style=\"border: 1px solid black; margin-top: 1px; margin-bottom: 1px;\" src=\"https:\/\/ancien-site-isabelle.jlevatic2.fr\/wp-content\/uploads\/2018\/02\/ISABELLE-Peche-1-721x1024.jpg\" alt=\"Isabelle spectacle enfant\" width=\"284\" height=\"300\" \/><\/a><\/b><a href=\"https:\/\/ancien-site-isabelle.jlevatic2.fr\/wp-content\/uploads\/2018\/05\/Isa_pecheA5_print.pdf\" target=\"_blank\" rel=\"noopener noreferrer\"><strong>&gt;&gt;\u00a0Learn more &lt;&lt;<\/strong><\/a><\/p>\n<div dir=\"ltr\" style=\"text-align: center;\"><span style=\"font-size: x-large;\">New Album\u00a0 &#8220;Kinderwelt&#8221;<\/span><\/div>\n<div dir=\"ltr\" style=\"text-align: center;\"><a href=\"https:\/\/ancien-site-isabelle.jlevatic2.fr\/wp-content\/uploads\/2016\/06\/P1_AGP004.jpg\"><img decoding=\"async\" loading=\"lazy\" src=\"https:\/\/ancien-site-isabelle.jlevatic2.fr\/wp-content\/uploads\/2016\/06\/P1_AGP004-300x295.jpg\" alt=\"Livret_AGP004\" width=\"300\" height=\"295\" \/><\/a><\/div>\n<div dir=\"ltr\" style=\"text-align: center;\">Discover the entire collection: 4 Albums with 80 new kids songs in Alsatian, written, composed and sung by Isabelle Grussenmeyer and Jean-Pierre Albrecht<\/div>\n<div dir=\"ltr\" style=\"text-align: center;\">Listen\u00a0<strong><a href=\"https:\/\/ancien-site-isabelle.jlevatic2.fr\/musique-2\/\">&gt;&gt; HERE &lt;&lt;<\/a><\/strong><\/div>\n<div dir=\"ltr\" style=\"text-align: center;\">CDs can be ordered directly from the musicians or at:\u00a0<strong><a href=\"http:\/\/www.liederbrunne.com\/\">www.liederbrunne.com<\/a><\/strong><\/div>\n<div dir=\"ltr\" style=\"text-align: center;\"><\/div>\n<div dir=\"ltr\" style=\"text-align: center;\"><\/div>\n<p style=\"text-align: center;\"><span style=\"font-size: x-large; line-height: 1.3;\">Spectacle Les Alsa&#8217;comptines<br \/>\n<a href=\"http:\/\/www.isabellegrussenmeyer.net\/wordpress\/wp-content\/uploads\/2014\/03\/Trio-Fin-r\u00e9duit.jpg\"><img decoding=\"async\" loading=\"lazy\" class=\"aligncenter\" style=\"border: 1px solid black;\" src=\"https:\/\/ancien-site-isabelle.jlevatic2.fr\/wp-content\/uploads\/2014\/03\/Trio-Fin-r\u00e9duit-300x283.jpg\" alt=\"Trio Fin r\u00e9duit\" width=\"300\" height=\"283\" \/><\/a><\/span><\/p>\n<div style=\"text-align: center;\">\n<p align=\"center\">Since 2015 the Trio Faribulles, \u00ab Isabelle, Jean-Pierre Albrecht, and G\u00e9rard Dalton \u00bb has traveled throughout the country with this bilingual program for kids. It\u2019s still available to be booked.<\/p>\n<\/div>\n<p><\/p>","protected":false},"excerpt":{"rendered":"<p>Welcome This section is \u201cFer d\u2019Kleine\u201d. It is dedicated to songs and shows for children. Have a look as well at the section for grown-ups \u201eFer d\u2019Groosse\u201c ! ABC-S\u00f9pp, la soupe aux lettres le nouveau spectacle jeune public ! D\u00e9couvrez l&#8217;histoire de cette sorci\u00e8re qui veut s\u00e9duire un magicien avec une soupe aux lettres ! [&hellip;]<\/p>\n","protected":false},"author":1,"featured_media":0,"parent":0,"menu_order":0,"comment_status":"open","ping_status":"open","template":"","meta":[],"_links":{"self":[{"href":"https:\/\/ancien-site.isabellegrussenmeyer.com\/en\/wp-json\/wp\/v2\/pages\/71"}],"collection":[{"href":"https:\/\/ancien-site.isabellegrussenmeyer.com\/en\/wp-json\/wp\/v2\/pages"}],"about":[{"href":"https:\/\/ancien-site.isabellegrussenmeyer.com\/en\/wp-json\/wp\/v2\/types\/page"}],"author":[{"embeddable":true,"href":"https:\/\/ancien-site.isabellegrussenmeyer.com\/en\/wp-json\/wp\/v2\/users\/1"}],"replies":[{"embeddable":true,"href":"https:\/\/ancien-site.isabellegrussenmeyer.com\/en\/wp-json\/wp\/v2\/comments?post=71"}],"version-history":[{"count":180,"href":"https:\/\/ancien-site.isabellegrussenmeyer.com\/en\/wp-json\/wp\/v2\/pages\/71\/revisions"}],"predecessor-version":[{"id":1572,"href":"https:\/\/ancien-site.isabellegrussenmeyer.com\/en\/wp-json\/wp\/v2\/pages\/71\/revisions\/1572"}],"wp:attachment":[{"href":"https:\/\/ancien-site.isabellegrussenmeyer.com\/en\/wp-json\/wp\/v2\/media?parent=71"}],"curies":[{"name":"wp","href":"https:\/\/api.w.org\/{rel}","templated":true}]}}